{"id":2506,"date":"2025-10-26T02:34:39","date_gmt":"2025-10-26T01:34:39","guid":{"rendered":"https:\/\/maku-meattec.com\/?page_id=2506"},"modified":"2026-01-10T22:07:14","modified_gmt":"2026-01-10T21:07:14","slug":"imprint","status":"publish","type":"page","link":"https:\/\/maku-meattec.com\/eng\/impressum\/","title":{"rendered":"Imprint"},"content":{"rendered":"<div data-elementor-type=\"wp-page\" data-elementor-id=\"2506\" class=\"elementor elementor-2506\">\n\t\t\t\t<div class=\"elementor-element elementor-element-6ff432ee e-con-full e-flex e-con e-parent\" data-id=\"6ff432ee\" data-element_type=\"container\" data-e-type=\"container\" data-settings=\"{&quot;background_background&quot;:&quot;classic&quot;}\">\n\t\t<div class=\"elementor-element elementor-element-5623dad6 e-flex e-con-boxed e-con e-child\" data-id=\"5623dad6\" data-element_type=\"container\" data-e-type=\"container\" data-settings=\"{&quot;background_background&quot;:&quot;classic&quot;}\">\n\t\t\t\t\t<div class=\"e-con-inner\">\n\t\t<div class=\"elementor-element elementor-element-e2e08c0 e-con-full e-flex e-con e-child\" data-id=\"e2e08c0\" data-element_type=\"container\" data-e-type=\"container\">\n\t\t<div class=\"elementor-element elementor-element-6683d244 e-con-full e-flex e-con e-child\" data-id=\"6683d244\" data-element_type=\"container\" data-e-type=\"container\">\n\t\t\t\t<div class=\"elementor-element elementor-element-2540d766 elementor-invisible elementor-widget elementor-widget-heading\" data-id=\"2540d766\" data-element_type=\"widget\" data-e-type=\"widget\" data-settings=\"{&quot;_animation&quot;:&quot;fadeInLeft&quot;}\" data-widget_type=\"heading.default\">\n\t\t\t\t<div class=\"elementor-widget-container\">\n\t\t\t\t\t<h1 class=\"elementor-heading-title elementor-size-default\">Imprint<\/h1>\t\t\t\t<\/div>\n\t\t\t\t<\/div>\n\t\t\t\t<\/div>\n\t\t\t\t<\/div>\n\t\t\t\t\t<\/div>\n\t\t\t\t<\/div>\n\t\t\t\t<\/div>\n\t\t<div class=\"elementor-element elementor-element-1a5da62b e-flex e-con-boxed e-con e-parent\" data-id=\"1a5da62b\" data-element_type=\"container\" data-e-type=\"container\" data-settings=\"{&quot;background_background&quot;:&quot;classic&quot;}\">\n\t\t\t\t\t<div class=\"e-con-inner\">\n\t\t<div class=\"elementor-element elementor-element-79d1dbd1 e-flex e-con-boxed e-con e-child\" data-id=\"79d1dbd1\" data-element_type=\"container\" data-e-type=\"container\">\n\t\t\t\t\t<div class=\"e-con-inner\">\n\t\t<div class=\"elementor-element elementor-element-4be6d637 e-con-full e-flex e-con e-child\" data-id=\"4be6d637\" data-element_type=\"container\" data-e-type=\"container\">\n\t\t\t\t<div class=\"elementor-element elementor-element-20d0c9a7 elementor-drop-cap-yes elementor-drop-cap-view-default elementor-widget elementor-widget-text-editor\" data-id=\"20d0c9a7\" data-element_type=\"widget\" data-e-type=\"widget\" data-settings=\"{&quot;drop_cap&quot;:&quot;yes&quot;}\" data-widget_type=\"text-editor.default\">\n\t\t\t\t<div class=\"elementor-widget-container\">\n\t\t\t\t\t\t\t\t\t<p data-start=\"277\" data-end=\"366\"><strong data-start=\"277\" data-end=\"308\">MAKU Meat Tec GmbH &amp; Co. KG<\/strong><br data-start=\"308\" data-end=\"311\" \/>Leinenbrink 10<br data-start=\"325\" data-end=\"328\" \/>33824 Werther (Westf.)<br data-start=\"350\" data-end=\"353\" \/>Germany<\/p><p data-start=\"368\" data-end=\"495\">\ud83d\udcde Phone: +49 521 999 891 20\u00a0<br data-start=\"396\" data-end=\"399\" \/>\ud83d\udce7 E-Mail: <a class=\"decorated-link cursor-pointer\" rel=\"noopener\" data-start=\"410\" data-end=\"430\">info@maku-meattec.de<\/a><br data-start=\"430\" data-end=\"433\" \/>\ud83c\udf10 Website: <a class=\"decorated-link\" href=\"https:\/\/www.maku-meattec.de\" target=\"_new\" rel=\"noopener\" data-start=\"445\" data-end=\"495\">www.maku-meattec.de<\/a><\/p><hr data-start=\"497\" data-end=\"500\" \/><h2 data-start=\"502\" data-end=\"522\">Represented by<\/h2><p data-start=\"523\" data-end=\"565\"><strong data-start=\"523\" data-end=\"543\">Managing Director:<\/strong> Manuel Sa\u00f1udo Mu\u00f1oz<\/p><p data-start=\"567\" data-end=\"719\"><strong data-start=\"567\" data-end=\"587\">Commercial register:<\/strong> Local court G\u00fctersloh - HRA 6965<br data-start=\"620\" data-end=\"623\" \/><strong data-start=\"623\" data-end=\"662\">Sales tax identification number:<\/strong> <i>DE 286 449 623<\/i><br data-start=\"683\" data-end=\"686\" \/><strong data-start=\"686\" data-end=\"703\">Tax number:<\/strong> 351\/5751\/3136<\/p><hr data-start=\"721\" data-end=\"724\" \/><h2 data-start=\"726\" data-end=\"783\">Responsible for the content according to \u00a7 18 Abs. 2 MStV<\/h2><p data-start=\"784\" data-end=\"864\"><strong data-start=\"784\" data-end=\"807\">Manuel Sa\u00f1udo Mu\u00f1oz<\/strong><br data-start=\"807\" data-end=\"810\" \/>Leinenbrink 10, 33824 Werther (Westf.)<br data-start=\"848\" data-end=\"851\" \/>Germany<\/p><hr data-start=\"866\" data-end=\"869\" \/><h2 data-start=\"871\" data-end=\"905\">Exclusion of liability (disclaimer)<\/h2><h3 data-start=\"907\" data-end=\"918\">Contents<\/h3><p data-start=\"919\" data-end=\"1804\">The contents of our pages have been created with the greatest care. However, we cannot accept any liability for the accuracy, completeness and up-to-dateness of the content.<br data-start=\"1090\" data-end=\"1093\" \/>As a service provider, we are responsible for our own content on these pages in accordance with Section 7 (1) TMG (German Telemedia Act) and general legislation.<br data-start=\"1225\" data-end=\"1228\" \/>According to \u00a7\u00a7 8 to 10 TMG, however, we as a service provider are not obliged to monitor transmitted or stored third-party information or to investigate circumstances that indicate illegal activity.<br data-start=\"1451\" data-end=\"1454\" \/>Obligations to remove or block the use of information in accordance with general legislation remain unaffected by this. However, liability in this respect is only possible from the time of knowledge of a specific infringement.<br data-start=\"1701\" data-end=\"1704\" \/>As soon as we become aware of such infringements, we will remove this content immediately.<\/p><h3 data-start=\"1806\" data-end=\"1823\">External links<\/h3><p data-start=\"1824\" data-end=\"2519\">Our website contains links to external third-party websites over whose content we have no influence.<br data-start=\"1926\" data-end=\"1929\" \/>Therefore, we cannot accept any liability for this third-party content. The respective provider or operator of the pages is always responsible for the content of the linked pages.<br data-start=\"2116\" data-end=\"2119\" \/>The linked pages were checked for possible legal violations at the time of linking. Illegal contents were not recognizable at the time of linking.<br data-start=\"2289\" data-end=\"2292\" \/>However, permanent monitoring of the content of the linked pages is not reasonable without concrete evidence of an infringement.<br data-start=\"2429\" data-end=\"2432\" \/>If we become aware of any legal infringements, we will remove such links immediately.<\/p><hr data-start=\"2521\" data-end=\"2524\" \/><h2 data-start=\"2526\" data-end=\"2541\">Copyright<\/h2><p data-start=\"2542\" data-end=\"3284\">The content and works created by the site operators on these pages are subject to German copyright law.<br data-start=\"2658\" data-end=\"2661\" \/>Duplication, processing, distribution and any kind of exploitation outside the limits of copyright law require the prior written consent of the author. <strong data-start=\"2785\" data-end=\"2813\">written consent<\/strong> of the respective author or creator.<br data-start=\"2852\" data-end=\"2855\" \/>Downloads and copies of this site are only permitted for private, non-commercial use.<br data-start=\"2955\" data-end=\"2958\" \/>Insofar as the content on this site was not created by the operator, the copyrights of third parties are respected.<br data-start=\"3073\" data-end=\"3076\" \/>Should you nevertheless become aware of a copyright infringement, please inform us accordingly.<br data-start=\"3192\" data-end=\"3195\" \/>If we become aware of any infringements, we will remove such content immediately.<\/p><hr data-start=\"3286\" data-end=\"3289\" \/><h2 data-start=\"3291\" data-end=\"3345\">Online dispute resolution \/ consumer dispute resolution<\/h2><p data-start=\"3346\" data-end=\"3514\">The European Commission provides a platform for online dispute resolution (ODR):<br data-start=\"3434\" data-end=\"3437\" \/><a class=\"decorated-link cursor-pointer\" target=\"_new\" rel=\"noopener\" data-start=\"3440\" data-end=\"3512\">https:\/\/ec.europa.eu\/consumers\/odr<\/a><\/p><p data-start=\"3516\" data-end=\"3648\">We are <strong data-start=\"3525\" data-end=\"3564\">not obliged and not willing<\/strong>, to participate in dispute resolution proceedings before a consumer arbitration board.<\/p>\t\t\t\t\t\t\t\t<\/div>\n\t\t\t\t<\/div>\n\t\t\t\t<\/div>\n\t\t\t\t\t<\/div>\n\t\t\t\t<\/div>\n\t\t\t\t\t<\/div>\n\t\t\t\t<\/div>\n\t\t\t\t<\/div>","protected":false},"excerpt":{"rendered":"<p>Impressum MAKU Meat Tec GmbH &amp; Co. KGLeinenbrink 1033824 Werther (Westf.)Deutschland \ud83d\udcde Telefon: +49 521 999 891 20\u00a0\ud83d\udce7 E-Mail: info@maku-meattec.de\ud83c\udf10 Website: www.maku-meattec.de Vertreten durch Gesch\u00e4ftsf\u00fchrer: Manuel Sa\u00f1udo Mu\u00f1oz Handelsregister: Amtsgericht G\u00fctersloh \u2013 HRA 6965Umsatzsteuer-Identifikationsnummer: DE 286 449 623Steuernummer: 351\/5751\/3136 Verantwortlich f\u00fcr den Inhalt gem\u00e4\u00df \u00a7 18 Abs. 2 MStV Manuel Sa\u00f1udo Mu\u00f1ozLeinenbrink 10, 33824 Werther [&hellip;]<\/p>\n","protected":false},"author":1,"featured_media":0,"parent":0,"menu_order":0,"comment_status":"closed","ping_status":"closed","template":"","meta":{"footnotes":""},"class_list":["post-2506","page","type-page","status-publish","hentry"],"_links":{"self":[{"href":"https:\/\/maku-meattec.com\/eng\/wp-json\/wp\/v2\/pages\/2506","targetHints":{"allow":["GET"]}}],"collection":[{"href":"https:\/\/maku-meattec.com\/eng\/wp-json\/wp\/v2\/pages"}],"about":[{"href":"https:\/\/maku-meattec.com\/eng\/wp-json\/wp\/v2\/types\/page"}],"author":[{"embeddable":true,"href":"https:\/\/maku-meattec.com\/eng\/wp-json\/wp\/v2\/users\/1"}],"replies":[{"embeddable":true,"href":"https:\/\/maku-meattec.com\/eng\/wp-json\/wp\/v2\/comments?post=2506"}],"version-history":[{"count":7,"href":"https:\/\/maku-meattec.com\/eng\/wp-json\/wp\/v2\/pages\/2506\/revisions"}],"predecessor-version":[{"id":5053,"href":"https:\/\/maku-meattec.com\/eng\/wp-json\/wp\/v2\/pages\/2506\/revisions\/5053"}],"wp:attachment":[{"href":"https:\/\/maku-meattec.com\/eng\/wp-json\/wp\/v2\/media?parent=2506"}],"curies":[{"name":"wp","href":"https:\/\/api.w.org\/{rel}","templated":true}]}}