{"id":3586,"date":"2025-12-17T16:47:40","date_gmt":"2025-12-17T15:47:40","guid":{"rendered":"https:\/\/maku-meattec.com\/?page_id=3586"},"modified":"2025-12-22T21:55:15","modified_gmt":"2025-12-22T20:55:15","slug":"maku-tronik","status":"publish","type":"page","link":"https:\/\/maku-meattec.com\/eng\/maku-tronik\/","title":{"rendered":"MAKU Tronik"},"content":{"rendered":"<div data-elementor-type=\"wp-page\" data-elementor-id=\"3586\" class=\"elementor elementor-3586\">\n\t\t\t\t<div class=\"elementor-element elementor-element-5a330444 e-con-full Hero e-flex e-con e-parent\" data-id=\"5a330444\" data-element_type=\"container\" data-e-type=\"container\" data-settings=\"{&quot;background_background&quot;:&quot;classic&quot;}\">\n\t\t<div class=\"elementor-element elementor-element-58c72917 e-flex e-con-boxed e-con e-child\" data-id=\"58c72917\" data-element_type=\"container\" data-e-type=\"container\" data-settings=\"{&quot;background_background&quot;:&quot;classic&quot;}\">\n\t\t\t\t\t<div class=\"e-con-inner\">\n\t\t<div class=\"elementor-element elementor-element-39b9de3c e-con-full e-flex e-con e-child\" data-id=\"39b9de3c\" data-element_type=\"container\" data-e-type=\"container\">\n\t\t<div class=\"elementor-element elementor-element-4dc40fd3 e-con-full e-flex e-con e-child\" data-id=\"4dc40fd3\" data-element_type=\"container\" data-e-type=\"container\">\n\t\t\t\t<div class=\"elementor-element elementor-element-61e6529c elementor-invisible elementor-widget elementor-widget-elementskit-heading\" data-id=\"61e6529c\" data-element_type=\"widget\" data-e-type=\"widget\" data-settings=\"{&quot;_animation&quot;:&quot;fadeInLeft&quot;,&quot;_animation_delay&quot;:200}\" data-widget_type=\"elementskit-heading.default\">\n\t\t\t\t<div class=\"elementor-widget-container\">\n\t\t\t\t\t<div class=\"ekit-wid-con\" ><div class=\"ekit-heading elementskit-section-title-wraper text_left   ekit_heading_tablet-   ekit_heading_mobile-\"><h1 class=\"ekit-heading--title elementskit-section-title text_fill\"><span><span>MAKU Tronic,<\/span><\/span> our industrial partner for the manufacture of metal detectors<\/h1><\/div><\/div>\t\t\t\t<\/div>\n\t\t\t\t<\/div>\n\t\t\t\t<\/div>\n\t\t\t\t<\/div>\n\t\t\t\t\t<\/div>\n\t\t\t\t<\/div>\n\t\t\t\t<\/div>\n\t\t<div class=\"elementor-element elementor-element-b2a569e e-flex e-con-boxed e-con e-parent\" data-id=\"b2a569e\" data-element_type=\"container\" data-e-type=\"container\" data-settings=\"{&quot;background_background&quot;:&quot;classic&quot;}\">\n\t\t\t\t\t<div class=\"e-con-inner\">\n\t\t<div class=\"elementor-element elementor-element-3417e6da e-flex e-con-boxed e-con e-child\" data-id=\"3417e6da\" data-element_type=\"container\" data-e-type=\"container\">\n\t\t\t\t\t<div class=\"e-con-inner\">\n\t\t<div class=\"elementor-element elementor-element-49651859 e-con-full e-flex e-con e-child\" data-id=\"49651859\" data-element_type=\"container\" data-e-type=\"container\">\n\t\t\t\t<div class=\"elementor-element elementor-element-431e725e elementor-widget elementor-widget-heading\" data-id=\"431e725e\" data-element_type=\"widget\" data-e-type=\"widget\" data-widget_type=\"heading.default\">\n\t\t\t\t<div class=\"elementor-widget-container\">\n\t\t\t\t\t<h3 class=\"elementor-heading-title elementor-size-default\">Customized security technology \"Made in Germany\"<\/h3>\t\t\t\t<\/div>\n\t\t\t\t<\/div>\n\t\t\t\t<div class=\"elementor-element elementor-element-3886cda3 elementor-widget-divider--view-line elementor-widget elementor-widget-divider\" data-id=\"3886cda3\" data-element_type=\"widget\" data-e-type=\"widget\" data-widget_type=\"divider.default\">\n\t\t\t\t<div class=\"elementor-widget-container\">\n\t\t\t\t\t\t\t<div class=\"elementor-divider\">\n\t\t\t<span class=\"elementor-divider-separator\">\n\t\t\t\t\t\t<\/span>\n\t\t<\/div>\n\t\t\t\t\t\t<\/div>\n\t\t\t\t<\/div>\n\t\t\t\t<div class=\"elementor-element elementor-element-ce1e06e elementor-drop-cap-yes elementor-drop-cap-view-default elementor-widget elementor-widget-text-editor\" data-id=\"ce1e06e\" data-element_type=\"widget\" data-e-type=\"widget\" data-settings=\"{&quot;drop_cap&quot;:&quot;yes&quot;}\" data-widget_type=\"text-editor.default\">\n\t\t\t\t<div class=\"elementor-widget-container\">\n\t\t\t\t\t\t\t\t\t<p data-start=\"687\" data-end=\"1002\">MAKU tronic is the MAKU Group's in-house specialist brand for the development and production of high-precision metal detectors and robust feeding conveyors. As a 100%iges \u201eMade in Germany\u201c product, the brand stands for precision, quality and durability worldwide - values that reflect the philosophy of the entire MAKU Group. Thanks to complete in-house production, MAKU tronic guarantees the highest standards of product safety and is synonymous with reliability, performance and efficient production processes.<\/p>\t\t\t\t\t\t\t\t<\/div>\n\t\t\t\t<\/div>\n\t\t\t\t<\/div>\n\t\t<div class=\"elementor-element elementor-element-1be82bdb e-con-full e-flex e-con e-child\" data-id=\"1be82bdb\" data-element_type=\"container\" data-e-type=\"container\">\n\t\t<div class=\"elementor-element elementor-element-4526e866 e-con-full e-flex elementor-invisible e-con e-child\" data-id=\"4526e866\" data-element_type=\"container\" data-e-type=\"container\" data-settings=\"{&quot;background_background&quot;:&quot;classic&quot;,&quot;animation&quot;:&quot;fadeInLeft&quot;}\">\n\t\t\t\t<div class=\"elementor-element elementor-element-30c104d elementor-widget elementor-widget-heading\" data-id=\"30c104d\" data-element_type=\"widget\" data-e-type=\"widget\" data-widget_type=\"heading.default\">\n\t\t\t\t<div class=\"elementor-widget-container\">\n\t\t\t\t\t<h4 class=\"elementor-heading-title elementor-size-default\">Download company brochure<\/h4>\t\t\t\t<\/div>\n\t\t\t\t<\/div>\n\t\t\t\t<div class=\"elementor-element elementor-element-30a5a662 elementor-widget elementor-widget-image\" data-id=\"30a5a662\" data-element_type=\"widget\" data-e-type=\"widget\" data-widget_type=\"image.default\">\n\t\t\t\t<div class=\"elementor-widget-container\">\n\t\t\t\t\t\t\t\t\t\t\t\t\t\t\t\t<a href=\"https:\/\/maku-meattec.com\/wp-content\/uploads\/2025\/10\/Broschuere_hennekne-3.pdf\">\n\t\t\t\t\t\t\t<img fetchpriority=\"high\" decoding=\"async\" width=\"800\" height=\"890\" src=\"https:\/\/maku-meattec.com\/wp-content\/uploads\/2025\/12\/Gemini_Generated_Image_xhodwnxhodwnxhod-min-e1766436457663-920x1024.png\" class=\"attachment-large size-large wp-image-4117\" alt=\"Gemini Generated Image xhodwnxhodwnxhod min\" srcset=\"https:\/\/maku-meattec.com\/wp-content\/uploads\/2025\/12\/Gemini_Generated_Image_xhodwnxhodwnxhod-min-e1766436457663-920x1024.png 920w, https:\/\/maku-meattec.com\/wp-content\/uploads\/2025\/12\/Gemini_Generated_Image_xhodwnxhodwnxhod-min-e1766436457663-270x300.png 270w, https:\/\/maku-meattec.com\/wp-content\/uploads\/2025\/12\/Gemini_Generated_Image_xhodwnxhodwnxhod-min-e1766436457663-768x855.png 768w, https:\/\/maku-meattec.com\/wp-content\/uploads\/2025\/12\/Gemini_Generated_Image_xhodwnxhodwnxhod-min-e1766436457663-1380x1536.png 1380w, https:\/\/maku-meattec.com\/wp-content\/uploads\/2025\/12\/Gemini_Generated_Image_xhodwnxhodwnxhod-min-e1766436457663-11x12.png 11w, https:\/\/maku-meattec.com\/wp-content\/uploads\/2025\/12\/Gemini_Generated_Image_xhodwnxhodwnxhod-min-e1766436457663.png 1693w\" sizes=\"(max-width: 800px) 100vw, 800px\" \/>\t\t\t\t\t\t\t\t<\/a>\n\t\t\t\t\t\t\t\t\t\t\t\t\t\t\t<\/div>\n\t\t\t\t<\/div>\n\t\t\t\t<div class=\"elementor-element elementor-element-69a56376 elementor-widget elementor-widget-button\" data-id=\"69a56376\" data-element_type=\"widget\" data-e-type=\"widget\" data-widget_type=\"button.default\">\n\t\t\t\t<div class=\"elementor-widget-container\">\n\t\t\t\t\t\t\t\t\t<div class=\"elementor-button-wrapper\">\n\t\t\t\t\t<a class=\"elementor-button elementor-button-link elementor-size-sm\" href=\"https:\/\/maku-meattec.com\/wp-content\/uploads\/2025\/12\/Metal-Detector-607-TD_spansk_2.korr_.pdf\">\n\t\t\t\t\t\t<span class=\"elementor-button-content-wrapper\">\n\t\t\t\t\t\t\t\t\t<span class=\"elementor-button-text\">Download PDF<\/span>\n\t\t\t\t\t<\/span>\n\t\t\t\t\t<\/a>\n\t\t\t\t<\/div>\n\t\t\t\t\t\t\t\t<\/div>\n\t\t\t\t<\/div>\n\t\t\t\t<\/div>\n\t\t\t\t<\/div>\n\t\t\t\t\t<\/div>\n\t\t\t\t<\/div>\n\t\t\t\t\t<\/div>\n\t\t\t\t<\/div>\n\t\t<div class=\"elementor-element elementor-element-2c4b37d0 e-flex e-con-boxed e-con e-parent\" data-id=\"2c4b37d0\" data-element_type=\"container\" data-e-type=\"container\" data-settings=\"{&quot;background_background&quot;:&quot;classic&quot;}\">\n\t\t\t\t\t<div class=\"e-con-inner\">\n\t\t<div class=\"elementor-element elementor-element-25e84dab e-con-full e-flex e-con e-child\" data-id=\"25e84dab\" data-element_type=\"container\" data-e-type=\"container\">\n\t\t<div class=\"elementor-element elementor-element-4073c4ee e-con-full e-flex e-con e-child\" data-id=\"4073c4ee\" data-element_type=\"container\" data-e-type=\"container\">\n\t\t<div class=\"elementor-element elementor-element-6d3a1edb e-con-full e-flex e-con e-child\" data-id=\"6d3a1edb\" data-element_type=\"container\" data-e-type=\"container\">\n\t\t\t\t<div class=\"elementor-element elementor-element-10235b2f elementor-invisible elementor-widget elementor-widget-elementskit-heading\" data-id=\"10235b2f\" data-element_type=\"widget\" data-e-type=\"widget\" data-settings=\"{&quot;_animation&quot;:&quot;fadeInLeft&quot;,&quot;_animation_delay&quot;:200}\" data-widget_type=\"elementskit-heading.default\">\n\t\t\t\t<div class=\"elementor-widget-container\">\n\t\t\t\t\t<div class=\"ekit-wid-con\" ><div class=\"ekit-heading elementskit-section-title-wraper text_center   ekit_heading_tablet-   ekit_heading_mobile-\"><h3 class=\"ekit-heading--title elementskit-section-title text_fill\">MAKU Tronic <span><span>Products<\/span><\/span> <\/h3><\/div><\/div>\t\t\t\t<\/div>\n\t\t\t\t<\/div>\n\t\t\t\t<\/div>\n\t\t\t\t<\/div>\n\t\t\t\t<\/div>\n\t\t<div class=\"elementor-element elementor-element-37887db4 e-con-full e-flex e-con e-child\" data-id=\"37887db4\" data-element_type=\"container\" data-e-type=\"container\">\n\t\t<div class=\"elementor-element elementor-element-46b5724a e-con-full e-flex e-con e-child\" data-id=\"46b5724a\" data-element_type=\"container\" data-e-type=\"container\">\n\t\t<div class=\"elementor-element elementor-element-74f81c09 e-con-full e-flex e-con e-child\" data-id=\"74f81c09\" data-element_type=\"container\" data-e-type=\"container\">\n\t\t<div class=\"elementor-element elementor-element-dad091b e-con-full e-flex elementor-invisible e-con e-child\" data-id=\"dad091b\" data-element_type=\"container\" data-e-type=\"container\" data-settings=\"{&quot;background_background&quot;:&quot;classic&quot;,&quot;animation&quot;:&quot;fadeInLeft&quot;}\">\n\t\t\t\t<div class=\"elementor-element elementor-element-6d886e34 elementor-widget elementor-widget-image\" data-id=\"6d886e34\" data-element_type=\"widget\" data-e-type=\"widget\" data-widget_type=\"image.default\">\n\t\t\t\t<div class=\"elementor-widget-container\">\n\t\t\t\t\t\t\t\t\t\t\t\t\t\t\t\t<a href=\"https:\/\/maku-meattec.com\/eng\/md-607-td-metal-detector\/\">\n\t\t\t\t\t\t\t<img decoding=\"async\" width=\"800\" height=\"781\" src=\"https:\/\/maku-meattec.com\/wp-content\/uploads\/2025\/11\/Screenshot-2025-11-24-203816.png\" class=\"attachment-large size-large wp-image-3364\" alt=\"Screenshot 2025 11 24 203816\" srcset=\"https:\/\/maku-meattec.com\/wp-content\/uploads\/2025\/11\/Screenshot-2025-11-24-203816.png 896w, https:\/\/maku-meattec.com\/wp-content\/uploads\/2025\/11\/Screenshot-2025-11-24-203816-300x293.png 300w, https:\/\/maku-meattec.com\/wp-content\/uploads\/2025\/11\/Screenshot-2025-11-24-203816-768x750.png 768w, https:\/\/maku-meattec.com\/wp-content\/uploads\/2025\/11\/Screenshot-2025-11-24-203816-12x12.png 12w\" sizes=\"(max-width: 800px) 100vw, 800px\" \/>\t\t\t\t\t\t\t\t<\/a>\n\t\t\t\t\t\t\t\t\t\t\t\t\t\t\t<\/div>\n\t\t\t\t<\/div>\n\t\t\t\t<div class=\"elementor-element elementor-element-5bb8876e elementor-widget elementor-widget-testimonial\" data-id=\"5bb8876e\" data-element_type=\"widget\" data-e-type=\"widget\" data-widget_type=\"testimonial.default\">\n\t\t\t\t<div class=\"elementor-widget-container\">\n\t\t\t\t\t\t\t<div class=\"elementor-testimonial-wrapper\">\n\t\t\t\n\t\t\t\t\t\t<div class=\"elementor-testimonial-meta\">\n\t\t\t\t<div class=\"elementor-testimonial-meta-inner\">\n\t\t\t\t\t\n\t\t\t\t\t\t\t\t\t\t<div class=\"elementor-testimonial-details\">\n\t\t\t\t\t\t\t\t\t\t\t\t\t\t<a class=\"elementor-testimonial-name\" href=\"https:\/\/maku-meattec.com\/eng\/md-607-td-metal-detector\/\">Metal Detector 607 TD<\/a>\n\t\t\t\t\t\t\t\t\t\t\t\t\t\t\t\t\t\t\t\t\t\t<a class=\"elementor-testimonial-job\" href=\"https:\/\/maku-meattec.com\/eng\/md-607-td-metal-detector\/\">Learn more<\/a>\n\t\t\t\t\t\t\t\t\t\t\t\t\t<\/div>\n\t\t\t\t\t\t\t\t\t<\/div>\n\t\t\t<\/div>\n\t\t\t\t\t<\/div>\n\t\t\t\t\t\t<\/div>\n\t\t\t\t<\/div>\n\t\t\t\t<\/div>\n\t\t\t\t<\/div>\n\t\t<div class=\"elementor-element elementor-element-91f9878 e-con-full e-flex e-con e-child\" data-id=\"91f9878\" data-element_type=\"container\" data-e-type=\"container\">\n\t\t<div class=\"elementor-element elementor-element-694450c1 e-con-full e-flex elementor-invisible e-con e-child\" data-id=\"694450c1\" data-element_type=\"container\" data-e-type=\"container\" data-settings=\"{&quot;background_background&quot;:&quot;classic&quot;,&quot;animation&quot;:&quot;fadeInLeft&quot;,&quot;animation_delay&quot;:200}\">\n\t\t\t\t<div class=\"elementor-element elementor-element-7c9408d4 elementor-widget elementor-widget-image\" data-id=\"7c9408d4\" data-element_type=\"widget\" data-e-type=\"widget\" data-widget_type=\"image.default\">\n\t\t\t\t<div class=\"elementor-widget-container\">\n\t\t\t\t\t\t\t\t\t\t\t\t\t\t\t\t<a href=\"https:\/\/maku-meattec.com\/eng\/pipe-metal-detector\/\">\n\t\t\t\t\t\t\t<img decoding=\"async\" width=\"800\" height=\"760\" src=\"https:\/\/maku-meattec.com\/wp-content\/uploads\/2025\/11\/Screenshot-2025-11-24-212932-1024x973.png\" class=\"attachment-large size-large wp-image-3382\" alt=\"Screenshot 2025 11 24 212932\" srcset=\"https:\/\/maku-meattec.com\/wp-content\/uploads\/2025\/11\/Screenshot-2025-11-24-212932-1024x973.png 1024w, https:\/\/maku-meattec.com\/wp-content\/uploads\/2025\/11\/Screenshot-2025-11-24-212932-300x285.png 300w, https:\/\/maku-meattec.com\/wp-content\/uploads\/2025\/11\/Screenshot-2025-11-24-212932-768x729.png 768w, https:\/\/maku-meattec.com\/wp-content\/uploads\/2025\/11\/Screenshot-2025-11-24-212932-1536x1459.png 1536w, https:\/\/maku-meattec.com\/wp-content\/uploads\/2025\/11\/Screenshot-2025-11-24-212932-13x12.png 13w, https:\/\/maku-meattec.com\/wp-content\/uploads\/2025\/11\/Screenshot-2025-11-24-212932.png 1554w\" sizes=\"(max-width: 800px) 100vw, 800px\" \/>\t\t\t\t\t\t\t\t<\/a>\n\t\t\t\t\t\t\t\t\t\t\t\t\t\t\t<\/div>\n\t\t\t\t<\/div>\n\t\t\t\t<div class=\"elementor-element elementor-element-895d370 elementor-widget elementor-widget-testimonial\" data-id=\"895d370\" data-element_type=\"widget\" data-e-type=\"widget\" data-widget_type=\"testimonial.default\">\n\t\t\t\t<div class=\"elementor-widget-container\">\n\t\t\t\t\t\t\t<div class=\"elementor-testimonial-wrapper\">\n\t\t\t\n\t\t\t\t\t\t<div class=\"elementor-testimonial-meta\">\n\t\t\t\t<div class=\"elementor-testimonial-meta-inner\">\n\t\t\t\t\t\n\t\t\t\t\t\t\t\t\t\t<div class=\"elementor-testimonial-details\">\n\t\t\t\t\t\t\t\t\t\t\t\t\t\t<a class=\"elementor-testimonial-name\" href=\"https:\/\/maku-meattec.com\/eng\/pipe-metal-detector\/\">Pipeline Detector<\/a>\n\t\t\t\t\t\t\t\t\t\t\t\t\t\t\t\t\t\t\t\t\t\t<a class=\"elementor-testimonial-job\" href=\"https:\/\/maku-meattec.com\/eng\/pipe-metal-detector\/\">Learn more<\/a>\n\t\t\t\t\t\t\t\t\t\t\t\t\t<\/div>\n\t\t\t\t\t\t\t\t\t<\/div>\n\t\t\t<\/div>\n\t\t\t\t\t<\/div>\n\t\t\t\t\t\t<\/div>\n\t\t\t\t<\/div>\n\t\t\t\t<\/div>\n\t\t\t\t<\/div>\n\t\t<div class=\"elementor-element elementor-element-13af7797 e-con-full e-flex e-con e-child\" data-id=\"13af7797\" data-element_type=\"container\" data-e-type=\"container\">\n\t\t<div class=\"elementor-element elementor-element-54eb76ca e-con-full e-flex elementor-invisible e-con e-child\" data-id=\"54eb76ca\" data-element_type=\"container\" data-e-type=\"container\" data-settings=\"{&quot;background_background&quot;:&quot;classic&quot;,&quot;animation&quot;:&quot;fadeInLeft&quot;,&quot;animation_delay&quot;:400}\">\n\t\t\t\t<div class=\"elementor-element elementor-element-36bdb364 elementor-widget elementor-widget-image\" data-id=\"36bdb364\" data-element_type=\"widget\" data-e-type=\"widget\" data-widget_type=\"image.default\">\n\t\t\t\t<div class=\"elementor-widget-container\">\n\t\t\t\t\t\t\t\t\t\t\t\t\t\t\t\t<a href=\"https:\/\/maku-meattec.com\/eng\/hygienic-conveyor-systems\/\">\n\t\t\t\t\t\t\t<img loading=\"lazy\" decoding=\"async\" width=\"800\" height=\"750\" src=\"https:\/\/maku-meattec.com\/wp-content\/uploads\/2025\/11\/Screenshot-2025-11-24-212313-1024x960.png\" class=\"attachment-large size-large wp-image-3376\" alt=\"Screenshot 2025 11 24 212313\" srcset=\"https:\/\/maku-meattec.com\/wp-content\/uploads\/2025\/11\/Screenshot-2025-11-24-212313-1024x960.png 1024w, https:\/\/maku-meattec.com\/wp-content\/uploads\/2025\/11\/Screenshot-2025-11-24-212313-300x281.png 300w, https:\/\/maku-meattec.com\/wp-content\/uploads\/2025\/11\/Screenshot-2025-11-24-212313-768x720.png 768w, https:\/\/maku-meattec.com\/wp-content\/uploads\/2025\/11\/Screenshot-2025-11-24-212313-1536x1439.png 1536w, https:\/\/maku-meattec.com\/wp-content\/uploads\/2025\/11\/Screenshot-2025-11-24-212313-13x12.png 13w, https:\/\/maku-meattec.com\/wp-content\/uploads\/2025\/11\/Screenshot-2025-11-24-212313.png 1572w\" sizes=\"(max-width: 800px) 100vw, 800px\" \/>\t\t\t\t\t\t\t\t<\/a>\n\t\t\t\t\t\t\t\t\t\t\t\t\t\t\t<\/div>\n\t\t\t\t<\/div>\n\t\t\t\t<div class=\"elementor-element elementor-element-65168b83 elementor-widget elementor-widget-testimonial\" data-id=\"65168b83\" data-element_type=\"widget\" data-e-type=\"widget\" data-widget_type=\"testimonial.default\">\n\t\t\t\t<div class=\"elementor-widget-container\">\n\t\t\t\t\t\t\t<div class=\"elementor-testimonial-wrapper\">\n\t\t\t\n\t\t\t\t\t\t<div class=\"elementor-testimonial-meta\">\n\t\t\t\t<div class=\"elementor-testimonial-meta-inner\">\n\t\t\t\t\t\n\t\t\t\t\t\t\t\t\t\t<div class=\"elementor-testimonial-details\">\n\t\t\t\t\t\t\t\t\t\t\t\t\t\t<a class=\"elementor-testimonial-name\" href=\"https:\/\/maku-meattec.com\/eng\/hygienic-conveyor-systems\/\">Feeding Conveyer<\/a>\n\t\t\t\t\t\t\t\t\t\t\t\t\t\t\t\t\t\t\t\t\t\t<a class=\"elementor-testimonial-job\" href=\"https:\/\/maku-meattec.com\/eng\/hygienic-conveyor-systems\/\">Learn more<\/a>\n\t\t\t\t\t\t\t\t\t\t\t\t\t<\/div>\n\t\t\t\t\t\t\t\t\t<\/div>\n\t\t\t<\/div>\n\t\t\t\t\t<\/div>\n\t\t\t\t\t\t<\/div>\n\t\t\t\t<\/div>\n\t\t\t\t<\/div>\n\t\t\t\t<\/div>\n\t\t\t\t<\/div>\n\t\t\t\t<\/div>\n\t\t\t\t\t<\/div>\n\t\t\t\t<\/div>\n\t\t<div class=\"elementor-element elementor-element-3cb490f7 e-con-full e-flex e-con e-parent\" data-id=\"3cb490f7\" data-element_type=\"container\" data-e-type=\"container\" data-settings=\"{&quot;background_background&quot;:&quot;classic&quot;}\">\n\t\t<div class=\"elementor-element elementor-element-2e4043eb e-flex e-con-boxed e-con e-child\" data-id=\"2e4043eb\" data-element_type=\"container\" data-e-type=\"container\" data-settings=\"{&quot;background_background&quot;:&quot;classic&quot;}\">\n\t\t\t\t\t<div class=\"e-con-inner\">\n\t\t<div class=\"elementor-element elementor-element-61802bb5 e-con-full e-flex e-con e-child\" data-id=\"61802bb5\" data-element_type=\"container\" data-e-type=\"container\">\n\t\t\t\t<div class=\"elementor-element elementor-element-33e520cc elementor-invisible elementor-widget elementor-widget-elementskit-heading\" data-id=\"33e520cc\" data-element_type=\"widget\" data-e-type=\"widget\" data-settings=\"{&quot;_animation&quot;:&quot;fadeInLeft&quot;,&quot;_animation_delay&quot;:200}\" data-widget_type=\"elementskit-heading.default\">\n\t\t\t\t<div class=\"elementor-widget-container\">\n\t\t\t\t\t<div class=\"ekit-wid-con\" ><div class=\"ekit-heading elementskit-section-title-wraper text_left   ekit_heading_tablet-   ekit_heading_mobile-\"><h3 class=\"ekit-heading--title elementskit-section-title text_fill\">Contact us for information on <span>MAKU Tronic machines<\/span>, technical data or demonstrations<\/h3><\/div><\/div>\t\t\t\t<\/div>\n\t\t\t\t<\/div>\n\t\t\t\t<div class=\"elementor-element elementor-element-8448999 elementor-widget__width-auto elementor-widget elementor-widget-button\" data-id=\"8448999\" data-element_type=\"widget\" data-e-type=\"widget\" data-widget_type=\"button.default\">\n\t\t\t\t<div class=\"elementor-widget-container\">\n\t\t\t\t\t\t\t\t\t<div class=\"elementor-button-wrapper\">\n\t\t\t\t\t<a class=\"elementor-button elementor-button-link elementor-size-sm elementor-animation-float\" href=\"https:\/\/maku-meattec.com\/eng\/contact\/\">\n\t\t\t\t\t\t<span class=\"elementor-button-content-wrapper\">\n\t\t\t\t\t\t<span class=\"elementor-button-icon\">\n\t\t\t\t<i aria-hidden=\"true\" class=\"icon icon-arrow-right\"><\/i>\t\t\t<\/span>\n\t\t\t\t\t\t\t\t\t<span class=\"elementor-button-text\">Request a quote<\/span>\n\t\t\t\t\t<\/span>\n\t\t\t\t\t<\/a>\n\t\t\t\t<\/div>\n\t\t\t\t\t\t\t\t<\/div>\n\t\t\t\t<\/div>\n\t\t\t\t<\/div>\n\t\t\t\t\t<\/div>\n\t\t\t\t<\/div>\n\t\t\t\t<\/div>\n\t\t\t\t<\/div>","protected":false},"excerpt":{"rendered":"<p>MAKU Tronic, unser Industriepartner f\u00fcr die Herstellung von Metall Detektoren Ma\u00dfgeschneiderte Sicherheitstechnik &#8222;Made in Germany&#8220; MAKU tronic ist die hauseigene Spezialmarke der MAKU Gruppe f\u00fcr die Entwicklung und Produktion von hochpr\u00e4zisen Metalldetektoren und robusten Zuf\u00fchrb\u00e4ndern (Feeding Conveyors). Als 100%iges &#8222;Made in Germany&#8220;-Produkt steht die Marke weltweit f\u00fcr Pr\u00e4zision, Qualit\u00e4t und Langlebigkeit \u2013 Werte, die die [&hellip;]<\/p>\n","protected":false},"author":1,"featured_media":0,"parent":0,"menu_order":0,"comment_status":"closed","ping_status":"closed","template":"","meta":{"footnotes":""},"class_list":["post-3586","page","type-page","status-publish","hentry"],"_links":{"self":[{"href":"https:\/\/maku-meattec.com\/eng\/wp-json\/wp\/v2\/pages\/3586","targetHints":{"allow":["GET"]}}],"collection":[{"href":"https:\/\/maku-meattec.com\/eng\/wp-json\/wp\/v2\/pages"}],"about":[{"href":"https:\/\/maku-meattec.com\/eng\/wp-json\/wp\/v2\/types\/page"}],"author":[{"embeddable":true,"href":"https:\/\/maku-meattec.com\/eng\/wp-json\/wp\/v2\/users\/1"}],"replies":[{"embeddable":true,"href":"https:\/\/maku-meattec.com\/eng\/wp-json\/wp\/v2\/comments?post=3586"}],"version-history":[{"count":3,"href":"https:\/\/maku-meattec.com\/eng\/wp-json\/wp\/v2\/pages\/3586\/revisions"}],"predecessor-version":[{"id":4123,"href":"https:\/\/maku-meattec.com\/eng\/wp-json\/wp\/v2\/pages\/3586\/revisions\/4123"}],"wp:attachment":[{"href":"https:\/\/maku-meattec.com\/eng\/wp-json\/wp\/v2\/media?parent=3586"}],"curies":[{"name":"wp","href":"https:\/\/api.w.org\/{rel}","templated":true}]}}