{"id":1637,"date":"2025-10-10T04:39:03","date_gmt":"2025-10-10T02:39:03","guid":{"rendered":"https:\/\/maku-meattec.com\/?page_id=1637"},"modified":"2026-02-27T11:28:44","modified_gmt":"2026-02-27T10:28:44","slug":"calculadora-roi","status":"publish","type":"page","link":"https:\/\/maku-meattec.com\/esp\/roi-calculator\/","title":{"rendered":"Calculadora de amortizaci\u00f3n"},"content":{"rendered":"<div data-elementor-type=\"wp-page\" data-elementor-id=\"1637\" class=\"elementor elementor-1637\">\n\t\t\t\t<div class=\"elementor-element elementor-element-368cb4c1 e-con-full Hero e-flex e-con e-parent\" data-id=\"368cb4c1\" data-element_type=\"container\" data-e-type=\"container\" data-settings=\"{&quot;background_background&quot;:&quot;classic&quot;}\">\n\t\t<div class=\"elementor-element elementor-element-7442f5c6 e-flex e-con-boxed e-con e-child\" data-id=\"7442f5c6\" data-element_type=\"container\" data-e-type=\"container\" data-settings=\"{&quot;background_background&quot;:&quot;classic&quot;}\">\n\t\t\t\t\t<div class=\"e-con-inner\">\n\t\t<div class=\"elementor-element elementor-element-365946f5 e-con-full e-flex e-con e-child\" data-id=\"365946f5\" data-element_type=\"container\" data-e-type=\"container\">\n\t\t<div class=\"elementor-element elementor-element-6ba12978 e-con-full e-flex e-con e-child\" data-id=\"6ba12978\" data-element_type=\"container\" data-e-type=\"container\">\n\t\t\t\t<div class=\"elementor-element elementor-element-2e4ec2f elementor-widget__width-auto elementor-invisible elementor-widget elementor-widget-heading\" data-id=\"2e4ec2f\" data-element_type=\"widget\" data-e-type=\"widget\" data-settings=\"{&quot;_animation&quot;:&quot;fadeInLeft&quot;}\" data-widget_type=\"heading.default\">\n\t\t\t\t<div class=\"elementor-widget-container\">\n\t\t\t\t\t<h1 class=\"elementor-heading-title elementor-size-default\">Calculadora de amortizaci\u00f3n<\/h1>\t\t\t\t<\/div>\n\t\t\t\t<\/div>\n\t\t\t\t<div class=\"elementor-element elementor-element-4c226913 elementor-invisible elementor-widget elementor-widget-elementskit-heading\" data-id=\"4c226913\" data-element_type=\"widget\" data-e-type=\"widget\" data-settings=\"{&quot;_animation&quot;:&quot;fadeInLeft&quot;,&quot;_animation_delay&quot;:200}\" data-widget_type=\"elementskit-heading.default\">\n\t\t\t\t<div class=\"elementor-widget-container\">\n\t\t\t\t\t<div class=\"ekit-wid-con\" ><div class=\"ekit-heading elementskit-section-title-wraper text_left   ekit_heading_tablet-   ekit_heading_mobile-\"><h1 class=\"ekit-heading--title elementskit-section-title text_fill translation-block\">\u00bfQuiere saber cu\u00e1nto potencial hay en <span>su producci\u00f3n?<\/span><\/h1><\/div><\/div>\t\t\t\t<\/div>\n\t\t\t\t<\/div>\n\t\t\t\t<\/div>\n\t\t\t\t<\/div>\n\t\t\t\t\t<\/div>\n\t\t\t\t<\/div>\n\t\t\t\t<\/div>\n\t\t<div class=\"elementor-element elementor-element-7167e8aa e-con-full e-flex e-con e-parent\" data-id=\"7167e8aa\" data-element_type=\"container\" data-e-type=\"container\" data-settings=\"{&quot;background_background&quot;:&quot;classic&quot;}\">\n\t\t\t\t<div class=\"elementor-element elementor-element-ce1ca8f elementor-widget elementor-widget-html\" data-id=\"ce1ca8f\" data-element_type=\"widget\" data-e-type=\"widget\" data-widget_type=\"html.default\">\n\t\t\t\t<div class=\"elementor-widget-container\">\n\t\t\t\t\t<div class=\"roi-embed\">\n  <iframe\n    id=\"makuRoi\"\n    src=\"https:\/\/roi-rechner-maku-six.vercel.app\/embed\"\n    style=\"display:block;width:100%;border:0;min-height:900px;\"\n    scrolling=\"no\"\n    loading=\"lazy\"\n  ><\/iframe>\n<\/div>\n\n<script>\n(function () {\n  var iframe = document.getElementById(\"makuRoi\");\n  if (!iframe) return;\n\n  window.addEventListener(\"message\", function (e) {\n    \/\/ WICHTIG: Origin-Check muss mit https:\/\/ sein!\n    if (e.origin !== \"https:\/\/roi-rechner-maku-six.vercel.app\") return;\n    if (!e.data || e.data.type !== \"maku-roi-height\") return;\n    if (e.source !== iframe.contentWindow) return;\n\n    var h = Number(e.data.height);\n    if (!Number.isFinite(h) || h < 300) return;\n    iframe.style.height = h + \"px\";\n  });\n})();\n<\/script>\t\t\t\t<\/div>\n\t\t\t\t<\/div>\n\t\t\t\t<\/div>\n\t\t<div class=\"elementor-element elementor-element-22bb023e e-con-full e-flex e-con e-parent\" data-id=\"22bb023e\" data-element_type=\"container\" data-e-type=\"container\" data-settings=\"{&quot;background_background&quot;:&quot;classic&quot;}\">\n\t\t<div class=\"elementor-element elementor-element-170047d1 e-flex e-con-boxed e-con e-child\" data-id=\"170047d1\" data-element_type=\"container\" data-e-type=\"container\" data-settings=\"{&quot;background_background&quot;:&quot;classic&quot;}\">\n\t\t\t\t\t<div class=\"e-con-inner\">\n\t\t<div class=\"elementor-element elementor-element-41c6d2e6 e-con-full e-flex e-con e-child\" data-id=\"41c6d2e6\" data-element_type=\"container\" data-e-type=\"container\">\n\t\t\t\t<div class=\"elementor-element elementor-element-7ab24712 elementor-invisible elementor-widget elementor-widget-elementskit-heading\" data-id=\"7ab24712\" data-element_type=\"widget\" data-e-type=\"widget\" data-settings=\"{&quot;_animation&quot;:&quot;fadeInLeft&quot;,&quot;_animation_delay&quot;:200}\" data-widget_type=\"elementskit-heading.default\">\n\t\t\t\t<div class=\"elementor-widget-container\">\n\t\t\t\t\t<div class=\"ekit-wid-con\" ><div class=\"ekit-heading elementskit-section-title-wraper text_left   ekit_heading_tablet-   ekit_heading_mobile-\"><h3 class=\"ekit-heading--title elementskit-section-title text_fill\">\u00bfA\u00fan tiene dudas sobre la amortizaci\u00f3n de su producci\u00f3n? Perm\u00edtanos <span>gratis<\/span> aconsejar.<\/h3><\/div><\/div>\t\t\t\t<\/div>\n\t\t\t\t<\/div>\n\t\t\t\t<div class=\"elementor-element elementor-element-15a24b0b elementor-widget__width-auto elementor-widget elementor-widget-button\" data-id=\"15a24b0b\" data-element_type=\"widget\" data-e-type=\"widget\" data-widget_type=\"button.default\">\n\t\t\t\t<div class=\"elementor-widget-container\">\n\t\t\t\t\t\t\t\t\t<div class=\"elementor-button-wrapper\">\n\t\t\t\t\t<a class=\"elementor-button elementor-button-link elementor-size-sm elementor-animation-float\" href=\"https:\/\/maku-meattec.com\/esp\/contacto\/\">\n\t\t\t\t\t\t<span class=\"elementor-button-content-wrapper\">\n\t\t\t\t\t\t<span class=\"elementor-button-icon\">\n\t\t\t\t<i aria-hidden=\"true\" class=\"icon icon-arrow-right\"><\/i>\t\t\t<\/span>\n\t\t\t\t\t\t\t\t\t<span class=\"elementor-button-text\">Solicitar una cotizaci\u00f3n<\/span>\n\t\t\t\t\t<\/span>\n\t\t\t\t\t<\/a>\n\t\t\t\t<\/div>\n\t\t\t\t\t\t\t\t<\/div>\n\t\t\t\t<\/div>\n\t\t\t\t<\/div>\n\t\t\t\t\t<\/div>\n\t\t\t\t<\/div>\n\t\t\t\t<\/div>\n\t\t\t\t<\/div>","protected":false},"excerpt":{"rendered":"<p>Calculadora de amortizaci\u00f3n \u00bfQuiere saber cu\u00e1nto potencial tiene su producci\u00f3n? \u00bfA\u00fan tiene dudas sobre la amortizaci\u00f3n de su producci\u00f3n? Perm\u00edtanos asesorarle gratuitamente. Solicitar presupuesto<\/p>","protected":false},"author":1,"featured_media":0,"parent":0,"menu_order":0,"comment_status":"closed","ping_status":"closed","template":"elementor_header_footer","meta":{"footnotes":""},"class_list":["post-1637","page","type-page","status-publish","hentry"],"_links":{"self":[{"href":"https:\/\/maku-meattec.com\/esp\/wp-json\/wp\/v2\/pages\/1637","targetHints":{"allow":["GET"]}}],"collection":[{"href":"https:\/\/maku-meattec.com\/esp\/wp-json\/wp\/v2\/pages"}],"about":[{"href":"https:\/\/maku-meattec.com\/esp\/wp-json\/wp\/v2\/types\/page"}],"author":[{"embeddable":true,"href":"https:\/\/maku-meattec.com\/esp\/wp-json\/wp\/v2\/users\/1"}],"replies":[{"embeddable":true,"href":"https:\/\/maku-meattec.com\/esp\/wp-json\/wp\/v2\/comments?post=1637"}],"version-history":[{"count":15,"href":"https:\/\/maku-meattec.com\/esp\/wp-json\/wp\/v2\/pages\/1637\/revisions"}],"predecessor-version":[{"id":5152,"href":"https:\/\/maku-meattec.com\/esp\/wp-json\/wp\/v2\/pages\/1637\/revisions\/5152"}],"wp:attachment":[{"href":"https:\/\/maku-meattec.com\/esp\/wp-json\/wp\/v2\/media?parent=1637"}],"curies":[{"name":"wp","href":"https:\/\/api.w.org\/{rel}","templated":true}]}}