{"id":2506,"date":"2025-10-26T02:34:39","date_gmt":"2025-10-26T01:34:39","guid":{"rendered":"https:\/\/maku-meattec.com\/?page_id=2506"},"modified":"2026-01-10T22:07:14","modified_gmt":"2026-01-10T21:07:14","slug":"impressum","status":"publish","type":"page","link":"https:\/\/maku-meattec.com\/esp\/impressum\/","title":{"rendered":"Pie de imprenta"},"content":{"rendered":"<div data-elementor-type=\"wp-page\" data-elementor-id=\"2506\" class=\"elementor elementor-2506\">\n\t\t\t\t<div class=\"elementor-element elementor-element-6ff432ee e-con-full e-flex e-con e-parent\" data-id=\"6ff432ee\" data-element_type=\"container\" data-e-type=\"container\" data-settings=\"{&quot;background_background&quot;:&quot;classic&quot;}\">\n\t\t<div class=\"elementor-element elementor-element-5623dad6 e-flex e-con-boxed e-con e-child\" data-id=\"5623dad6\" data-element_type=\"container\" data-e-type=\"container\" data-settings=\"{&quot;background_background&quot;:&quot;classic&quot;}\">\n\t\t\t\t\t<div class=\"e-con-inner\">\n\t\t<div class=\"elementor-element elementor-element-e2e08c0 e-con-full e-flex e-con e-child\" data-id=\"e2e08c0\" data-element_type=\"container\" data-e-type=\"container\">\n\t\t<div class=\"elementor-element elementor-element-6683d244 e-con-full e-flex e-con e-child\" data-id=\"6683d244\" data-element_type=\"container\" data-e-type=\"container\">\n\t\t\t\t<div class=\"elementor-element elementor-element-2540d766 elementor-invisible elementor-widget elementor-widget-heading\" data-id=\"2540d766\" data-element_type=\"widget\" data-e-type=\"widget\" data-settings=\"{&quot;_animation&quot;:&quot;fadeInLeft&quot;}\" data-widget_type=\"heading.default\">\n\t\t\t\t<div class=\"elementor-widget-container\">\n\t\t\t\t\t<h1 class=\"elementor-heading-title elementor-size-default\">Pie de imprenta<\/h1>\t\t\t\t<\/div>\n\t\t\t\t<\/div>\n\t\t\t\t<\/div>\n\t\t\t\t<\/div>\n\t\t\t\t\t<\/div>\n\t\t\t\t<\/div>\n\t\t\t\t<\/div>\n\t\t<div class=\"elementor-element elementor-element-1a5da62b e-flex e-con-boxed e-con e-parent\" data-id=\"1a5da62b\" data-element_type=\"container\" data-e-type=\"container\" data-settings=\"{&quot;background_background&quot;:&quot;classic&quot;}\">\n\t\t\t\t\t<div class=\"e-con-inner\">\n\t\t<div class=\"elementor-element elementor-element-79d1dbd1 e-flex e-con-boxed e-con e-child\" data-id=\"79d1dbd1\" data-element_type=\"container\" data-e-type=\"container\">\n\t\t\t\t\t<div class=\"e-con-inner\">\n\t\t<div class=\"elementor-element elementor-element-4be6d637 e-con-full e-flex e-con e-child\" data-id=\"4be6d637\" data-element_type=\"container\" data-e-type=\"container\">\n\t\t\t\t<div class=\"elementor-element elementor-element-20d0c9a7 elementor-drop-cap-yes elementor-drop-cap-view-default elementor-widget elementor-widget-text-editor\" data-id=\"20d0c9a7\" data-element_type=\"widget\" data-e-type=\"widget\" data-settings=\"{&quot;drop_cap&quot;:&quot;yes&quot;}\" data-widget_type=\"text-editor.default\">\n\t\t\t\t<div class=\"elementor-widget-container\">\n\t\t\t\t\t\t\t\t\t<p data-start=\"277\" data-end=\"366\"><strong data-start=\"277\" data-end=\"308\">MAKU Meat Tec GmbH &amp; Co. KG<\/strong><br data-start=\"308\" data-end=\"311\" \/>Leinenbrink 10<br data-start=\"325\" data-end=\"328\" \/>33824 Werther (Westfalia)<br data-start=\"350\" data-end=\"353\" \/>Alemania<\/p><p data-start=\"368\" data-end=\"495\">\ud83d\udcde Tel\u00e9fono: +49 521 999 891 20\u00a0<br data-start=\"396\" data-end=\"399\" \/>\ud83d\udce7 E-Mail: <a class=\"decorated-link cursor-pointer\" rel=\"noopener\" data-start=\"410\" data-end=\"430\">info@maku-meattec.de<\/a><br data-start=\"430\" data-end=\"433\" \/>\ud83c\udf10 P\u00e1gina web: <a class=\"decorated-link\" href=\"https:\/\/www.maku-meattec.de\" target=\"_new\" rel=\"noopener\" data-start=\"445\" data-end=\"495\">www.maku-meattec.de<\/a><\/p><hr data-start=\"497\" data-end=\"500\" \/><h2 data-start=\"502\" data-end=\"522\">Representado por<\/h2><p data-start=\"523\" data-end=\"565\"><strong data-start=\"523\" data-end=\"543\">Director General:<\/strong> Manuel Sa\u00f1udo Mu\u00f1oz<\/p><p data-start=\"567\" data-end=\"719\"><strong data-start=\"567\" data-end=\"587\">Registro mercantil:<\/strong> Juzgado de primera instancia de G\u00fctersloh - HRA 6965<br data-start=\"620\" data-end=\"623\" \/><strong data-start=\"623\" data-end=\"662\">N\u00famero de identificaci\u00f3n fiscal:<\/strong> <i>DE 286 449 623<\/i><br data-start=\"683\" data-end=\"686\" \/><strong data-start=\"686\" data-end=\"703\">N\u00famero de identificaci\u00f3n fiscal:<\/strong> 351\/5751\/3136<\/p><hr data-start=\"721\" data-end=\"724\" \/><h2 data-start=\"726\" data-end=\"783\">Responsable del contenido seg\u00fan \u00a7 18 Abs. 2 MStV<\/h2><p data-start=\"784\" data-end=\"864\"><strong data-start=\"784\" data-end=\"807\">Manuel Sa\u00f1udo Mu\u00f1oz<\/strong><br data-start=\"807\" data-end=\"810\" \/>Leinenbrink 10, 33824 Werther (Westf.)<br data-start=\"848\" data-end=\"851\" \/>Alemania<\/p><hr data-start=\"866\" data-end=\"869\" \/><h2 data-start=\"871\" data-end=\"905\">Exclusi\u00f3n de responsabilidad<\/h2><h3 data-start=\"907\" data-end=\"918\">Contenido<\/h3><p data-start=\"919\" data-end=\"1804\">Los contenidos de nuestras p\u00e1ginas se han elaborado con el mayor esmero. Sin embargo, no podemos asumir ninguna responsabilidad por la exactitud, integridad y actualidad de los contenidos.<br data-start=\"1090\" data-end=\"1093\" \/>Como proveedor de servicios, somos responsables de nuestros propios contenidos en estas p\u00e1ginas, de conformidad con el art\u00edculo 7 (1) de la TMG (Ley alemana de medios de telecomunicaci\u00f3n) y la legislaci\u00f3n general.<br data-start=\"1225\" data-end=\"1228\" \/>Sin embargo, seg\u00fan los art\u00edculos 8 a 10 de la TMG, como proveedores de servicios no estamos obligados a supervisar la informaci\u00f3n de terceros transmitida o almacenada ni a investigar circunstancias que indiquen una actividad ilegal.<br data-start=\"1451\" data-end=\"1454\" \/>Esto no afecta a las obligaciones de retirar o bloquear el uso de informaci\u00f3n de conformidad con la legislaci\u00f3n general. Sin embargo, la responsabilidad a este respecto s\u00f3lo es posible a partir del momento en que se tiene conocimiento de una infracci\u00f3n concreta.<br data-start=\"1701\" data-end=\"1704\" \/>En cuanto tengamos conocimiento de tales infracciones, eliminaremos inmediatamente estos contenidos.<\/p><h3 data-start=\"1806\" data-end=\"1823\">Enlaces externos<\/h3><p data-start=\"1824\" data-end=\"2519\">Nuestro sitio web contiene enlaces a sitios web externos de terceros sobre cuyo contenido no tenemos ninguna influencia.<br data-start=\"1926\" data-end=\"1929\" \/>Por lo tanto, no podemos aceptar ninguna responsabilidad por estos contenidos de terceros. El respectivo proveedor u operador de las p\u00e1ginas es siempre responsable del contenido de las p\u00e1ginas enlazadas.<br data-start=\"2116\" data-end=\"2119\" \/>En el momento de establecer el enlace se comprob\u00f3 si las p\u00e1ginas enlazadas infring\u00edan la ley. No se detectaron contenidos ilegales en el momento de establecer el enlace.<br data-start=\"2289\" data-end=\"2292\" \/>Sin embargo, el control permanente del contenido de las p\u00e1ginas enlazadas no es razonable sin pruebas concretas de una infracci\u00f3n.<br data-start=\"2429\" data-end=\"2432\" \/>Si tenemos conocimiento de alguna infracci\u00f3n legal, eliminaremos dichos enlaces inmediatamente.<\/p><hr data-start=\"2521\" data-end=\"2524\" \/><h2 data-start=\"2526\" data-end=\"2541\">Copyright<\/h2><p data-start=\"2542\" data-end=\"3284\">El contenido y las obras creadas por los operadores del sitio en estas p\u00e1ginas est\u00e1n sujetos a la legislaci\u00f3n alemana sobre derechos de autor.<br data-start=\"2658\" data-end=\"2661\" \/>La reproducci\u00f3n, el tratamiento, la distribuci\u00f3n y cualquier forma de comercializaci\u00f3n de dicho material fuera del \u00e1mbito de aplicaci\u00f3n de la legislaci\u00f3n sobre derechos de autor requerir\u00e1n el consentimiento previo por escrito de su respectivo autor o creador. <strong data-start=\"2785\" data-end=\"2813\">consentimiento por escrito<\/strong> del respectivo autor o creador.<br data-start=\"2852\" data-end=\"2855\" \/>Las descargas y copias de este sitio s\u00f3lo est\u00e1n permitidas para uso privado y no comercial.<br data-start=\"2955\" data-end=\"2958\" \/>En la medida en que el contenido de este sitio no haya sido creado por el operador, se respetan los derechos de autor de terceros.<br data-start=\"3073\" data-end=\"3076\" \/>No obstante, si tiene conocimiento de una infracci\u00f3n de los derechos de autor, le rogamos que nos lo comunique.<br data-start=\"3192\" data-end=\"3195\" \/>Si tenemos conocimiento de alguna infracci\u00f3n legal, eliminaremos dicho contenido inmediatamente.<\/p><hr data-start=\"3286\" data-end=\"3289\" \/><h2 data-start=\"3291\" data-end=\"3345\">Resoluci\u00f3n de litigios en l\u00ednea \/ resoluci\u00f3n de litigios en materia de consumo<\/h2><p data-start=\"3346\" data-end=\"3514\">La Comisi\u00f3n Europea ofrece una plataforma para la resoluci\u00f3n de litigios en l\u00ednea (OS):<br data-start=\"3434\" data-end=\"3437\" \/><a class=\"decorated-link cursor-pointer\" target=\"_new\" rel=\"noopener\" data-start=\"3440\" data-end=\"3512\">https:\/\/ec.europa.eu\/consumers\/odr<\/a><\/p><p data-start=\"3516\" data-end=\"3648\">Somos <strong data-start=\"3525\" data-end=\"3564\">no obligado y no dispuesto<\/strong>, participar en procedimientos de resoluci\u00f3n de litigios ante una junta arbitral de consumo.<\/p>\t\t\t\t\t\t\t\t<\/div>\n\t\t\t\t<\/div>\n\t\t\t\t<\/div>\n\t\t\t\t\t<\/div>\n\t\t\t\t<\/div>\n\t\t\t\t\t<\/div>\n\t\t\t\t<\/div>\n\t\t\t\t<\/div>","protected":false},"excerpt":{"rendered":"<p>Impressum MAKU Meat Tec GmbH &amp; Co. KGLeinenbrink 1033824 Werther (Westf.)Deutschland \ud83d\udcde Telefon: +49 521 999 891 20\u00a0\ud83d\udce7 E-Mail: info@maku-meattec.de\ud83c\udf10 Website: www.maku-meattec.de Vertreten durch Gesch\u00e4ftsf\u00fchrer: Manuel Sa\u00f1udo Mu\u00f1oz Handelsregister: Amtsgericht G\u00fctersloh \u2013 HRA 6965Umsatzsteuer-Identifikationsnummer: DE 286 449 623Steuernummer: 351\/5751\/3136 Verantwortlich f\u00fcr den Inhalt gem\u00e4\u00df \u00a7 18 Abs. 2 MStV Manuel Sa\u00f1udo Mu\u00f1ozLeinenbrink 10, 33824 Werther [&hellip;]<\/p>\n","protected":false},"author":1,"featured_media":0,"parent":0,"menu_order":0,"comment_status":"closed","ping_status":"closed","template":"","meta":{"footnotes":""},"class_list":["post-2506","page","type-page","status-publish","hentry"],"_links":{"self":[{"href":"https:\/\/maku-meattec.com\/esp\/wp-json\/wp\/v2\/pages\/2506","targetHints":{"allow":["GET"]}}],"collection":[{"href":"https:\/\/maku-meattec.com\/esp\/wp-json\/wp\/v2\/pages"}],"about":[{"href":"https:\/\/maku-meattec.com\/esp\/wp-json\/wp\/v2\/types\/page"}],"author":[{"embeddable":true,"href":"https:\/\/maku-meattec.com\/esp\/wp-json\/wp\/v2\/users\/1"}],"replies":[{"embeddable":true,"href":"https:\/\/maku-meattec.com\/esp\/wp-json\/wp\/v2\/comments?post=2506"}],"version-history":[{"count":7,"href":"https:\/\/maku-meattec.com\/esp\/wp-json\/wp\/v2\/pages\/2506\/revisions"}],"predecessor-version":[{"id":5053,"href":"https:\/\/maku-meattec.com\/esp\/wp-json\/wp\/v2\/pages\/2506\/revisions\/5053"}],"wp:attachment":[{"href":"https:\/\/maku-meattec.com\/esp\/wp-json\/wp\/v2\/media?parent=2506"}],"curies":[{"name":"wp","href":"https:\/\/api.w.org\/{rel}","templated":true}]}}