{"id":2508,"date":"2025-10-26T02:39:07","date_gmt":"2025-10-26T01:39:07","guid":{"rendered":"https:\/\/maku-meattec.com\/?page_id=2508"},"modified":"2026-01-10T21:19:03","modified_gmt":"2026-01-10T20:19:03","slug":"detalles-proyecto","status":"publish","type":"page","link":"https:\/\/maku-meattec.com\/esp\/datenschutzerklaerung-dsgvo\/","title":{"rendered":"Pol\u00edtica de privacidad (DSGVO)"},"content":{"rendered":"<div data-elementor-type=\"wp-page\" data-elementor-id=\"2508\" class=\"elementor elementor-2508\">\n\t\t\t\t<div class=\"elementor-element elementor-element-184f255d e-con-full e-flex e-con e-parent\" data-id=\"184f255d\" data-element_type=\"container\" data-e-type=\"container\" data-settings=\"{&quot;background_background&quot;:&quot;classic&quot;}\">\n\t\t<div class=\"elementor-element elementor-element-5be84d09 e-flex e-con-boxed e-con e-child\" data-id=\"5be84d09\" data-element_type=\"container\" data-e-type=\"container\" data-settings=\"{&quot;background_background&quot;:&quot;classic&quot;}\">\n\t\t\t\t\t<div class=\"e-con-inner\">\n\t\t<div class=\"elementor-element elementor-element-28b5dcea e-con-full e-flex e-con e-child\" data-id=\"28b5dcea\" data-element_type=\"container\" data-e-type=\"container\">\n\t\t<div class=\"elementor-element elementor-element-7718c6fe e-con-full e-flex e-con e-child\" data-id=\"7718c6fe\" data-element_type=\"container\" data-e-type=\"container\">\n\t\t\t\t<div class=\"elementor-element elementor-element-7124bcb elementor-invisible elementor-widget elementor-widget-heading\" data-id=\"7124bcb\" data-element_type=\"widget\" data-e-type=\"widget\" data-settings=\"{&quot;_animation&quot;:&quot;fadeInLeft&quot;}\" data-widget_type=\"heading.default\">\n\t\t\t\t<div class=\"elementor-widget-container\">\n\t\t\t\t\t<h2 class=\"elementor-heading-title elementor-size-default\">datos<\/h2>\t\t\t\t<\/div>\n\t\t\t\t<\/div>\n\t\t\t\t<\/div>\n\t\t\t\t<\/div>\n\t\t\t\t\t<\/div>\n\t\t\t\t<\/div>\n\t\t\t\t<\/div>\n\t\t<div class=\"elementor-element elementor-element-4daeaa0f e-flex e-con-boxed e-con e-parent\" data-id=\"4daeaa0f\" data-element_type=\"container\" data-e-type=\"container\" data-settings=\"{&quot;background_background&quot;:&quot;classic&quot;}\">\n\t\t\t\t\t<div class=\"e-con-inner\">\n\t\t<div class=\"elementor-element elementor-element-66120ffe e-flex e-con-boxed e-con e-child\" data-id=\"66120ffe\" data-element_type=\"container\" data-e-type=\"container\">\n\t\t\t\t\t<div class=\"e-con-inner\">\n\t\t<div class=\"elementor-element elementor-element-11b0f994 e-con-full e-flex e-con e-child\" data-id=\"11b0f994\" data-element_type=\"container\" data-e-type=\"container\">\n\t\t\t\t<div class=\"elementor-element elementor-element-f3cc570 elementor-drop-cap-yes elementor-drop-cap-view-default elementor-widget elementor-widget-text-editor\" data-id=\"f3cc570\" data-element_type=\"widget\" data-e-type=\"widget\" data-settings=\"{&quot;drop_cap&quot;:&quot;yes&quot;}\" data-widget_type=\"text-editor.default\">\n\t\t\t\t<div class=\"elementor-widget-container\">\n\t\t\t\t\t\t\t\t\t<h1 data-path-to-node=\"8\">Pol\u00edtica de privacidad<\/h1><h2 data-path-to-node=\"9\">1. presentaci\u00f3n y persona responsable<\/h2><p data-path-to-node=\"10\">La presente pol\u00edtica de privacidad aclara el tipo, el alcance y la finalidad del tratamiento de los datos personales (en lo sucesivo, \u201edatos\u201c) dentro de nuestra oferta en l\u00ednea y los sitios web, funciones y contenidos asociados.<\/p><p data-path-to-node=\"11\"><b data-path-to-node=\"11\" data-index-in-node=\"0\">Responsable del tratamiento en el sentido del RGPD:<\/b> MAKU Meat Tec GmbH &amp; Co. KG Leinenbrink 10 33824 Werther (Westf.), Alemania E-mail: info@maku-meattec.de Director General: Manuel Sa\u00f1udo Mu\u00f1oz<br \/>N\u00famero de contacto: +49 521 999 891 20<\/p><h2 data-path-to-node=\"12\">2. fundamentos del tratamiento de datos<\/h2><p data-path-to-node=\"13\">Solo procesamos los datos personales de los usuarios en cumplimiento de la normativa pertinente sobre protecci\u00f3n de datos (en particular, el GDPR). Esto significa que los datos de los usuarios solo se procesar\u00e1n si tenemos permiso o consentimiento legal para hacerlo.<\/p><h2 data-path-to-node=\"14\">3. suministro del sitio web (alojamiento y archivos de registro)<\/h2><p data-path-to-node=\"15\">Nuestro proveedor de alojamiento (IONOS SE) recopila datos sobre cada acceso al servidor (los denominados archivos de registro del servidor). Los datos de acceso incluyen<\/p><ul data-path-to-node=\"16\"><li><p data-path-to-node=\"16,0,0\">Nombre del sitio web consultado, archivo, fecha y hora de acceso<\/p><\/li><li><p data-path-to-node=\"16,1,0\">Cantidad de datos transferidos<\/p><\/li><li><p data-path-to-node=\"16,2,0\">Notificaci\u00f3n de recuperaci\u00f3n con \u00e9xito<\/p><\/li><li><p data-path-to-node=\"16,3,0\">Tipo y versi\u00f3n del navegador, sistema operativo del usuario<\/p><\/li><li><p data-path-to-node=\"16,4,0\">URL de referencia (la p\u00e1gina visitada anteriormente)<\/p><\/li><li><p data-path-to-node=\"16,5,0\">Direcci\u00f3n IP y proveedor solicitante<\/p><\/li><\/ul><p data-path-to-node=\"17\"><b data-path-to-node=\"17\" data-index-in-node=\"0\">Base jur\u00eddica:<\/b> Art. 6 p\u00e1rr. 1 lit. f GDPR (inter\u00e9s leg\u00edtimo en la provisi\u00f3n segura y eficiente de nuestra oferta en l\u00ednea).<\/p><h2 data-path-to-node=\"18\">4. gesti\u00f3n de cookies y consentimiento<\/h2><p data-path-to-node=\"19\">Nuestro sitio web utiliza cookies. Utilizamos una plataforma de gesti\u00f3n del consentimiento (banner de cookies) para obtener y documentar su consentimiento para el almacenamiento de determinadas cookies (por ejemplo, para an\u00e1lisis o marketing). <b data-path-to-node=\"19\" data-index-in-node=\"219\">Revocaci\u00f3n:<\/b> Puede revocar o ajustar su consentimiento en cualquier momento a trav\u00e9s de la configuraci\u00f3n del banner de cookies.<\/p><h2 data-path-to-node=\"20\">5. la calculadora MAKU ROI y el an\u00e1lisis de negocio (funci\u00f3n principal)<\/h2><p data-path-to-node=\"21\">Una ocupaci\u00f3n central<span class=\"citation-736 citation-737 citation-end-737\">Parte de nuestra oferta es la calculadora interactiva de ROI, que le ayuda a calcular el aumento de eficiencia gracias a nuestra tecnolog\u00eda.<\/span><\/p><div class=\"source-inline-chip-container ng-star-inserted\">\u00a0<\/div><div class=\"source-inline-chip-container ng-star-inserted\">\u00a0<\/div><h3 data-path-to-node=\"22\"><span class=\"citation-734 citation-735 citation-end-735\">a) Tipo de datos tratados<\/span><\/h3><p data-path-to-node=\"23\"><span class=\"citation-732 citation-733 citation-end-733\">Cuando utiliza el ordenador, recopilamos<\/span><span class=\"citation-732 citation-end-732\">d que procesamos:<\/span><\/p><div class=\"source-inline-chip-container ng-star-inserted\">\u00a0<\/div><div class=\"source-inline-chip-container ng-star-inserted\">\u00a0<\/div><ul data-path-to-node=\"24\"><li><p data-path-to-node=\"24,0,0\"><b data-path-to-node=\"24,0,0\" data-index-in-node=\"0\">Datos de producci\u00f3n:<\/b> (por ejemplo, tonelaje, valores de rendimiento, horas de funcionamiento, configuraci\u00f3n de la m\u00e1quina)<\/p><\/li><li><p data-path-to-node=\"24,1,0\"><b data-path-to-node=\"24,1,0\" data-index-in-node=\"0\">Datos de contacto:<\/b> (Nombre, correo electr\u00f3nico, n\u00famero de tel\u00e9fono, nombre de la empresa)<\/p><\/li><li><p data-path-to-node=\"24,2,0\"><b data-path-to-node=\"24,2,0\" data-index-in-node=\"0\">Datos de localizaci\u00f3n:<\/b> (pa\u00eds\/regi\u00f3n mediante selecci\u00f3n o IP)<\/p><\/li><li><p data-path-to-node=\"24,3,0\"><b data-path-to-node=\"24,3,0\" data-index-in-node=\"0\">Datos de uso:<\/b> (fecha de c\u00e1lculo, valor del ROI calculado)<\/p><\/li><\/ul><h3 data-path-to-node=\"25\">b) Finalidad y base jur\u00eddica<\/h3><p data-path-to-node=\"26\">Tratamos estos datos para los siguientes fines:<\/p><ol start=\"1\" data-path-to-node=\"27\"><li><p data-path-to-node=\"27,0,0\"><b data-path-to-node=\"27,0,0\" data-index-in-node=\"0\">Entrega del an\u00e1lisis (cumplimiento del contrato):<\/b> La evaluaci\u00f3n detallada del ROI (PDF) se env\u00eda por correo electr\u00f3nico si lo solicita.<\/p><ul data-path-to-node=\"27,0,1\"><li><p data-path-to-node=\"27,0,1,0,0\"><i data-path-to-node=\"27,0,1,0,0\" data-index-in-node=\"0\">Base jur\u00eddica:<\/i> Art\u00edculo 6, apartado 1, letra b) del RGPD (aplicaci\u00f3n de medidas precontractuales previa solicitud).<\/p><\/li><\/ul><\/li><li><p data-path-to-node=\"27,1,0\"><b data-path-to-node=\"27,1,0\" data-index-in-node=\"0\">Consultas telef\u00f3nicas y validaci\u00f3n (\u201espeed-to-lead\u201c):<\/b> Nuestro equipo de expertos se pondr\u00e1 en contacto con usted por tel\u00e9fono para discutir el resultado calculado, validar los datos y aclarar cuestiones t\u00e9cnicas.<\/p><ul data-path-to-node=\"27,1,1\"><li><p data-path-to-node=\"27,1,1,0,0\"><i data-path-to-node=\"27,1,1,0,0\" data-index-in-node=\"0\">Base jur\u00eddica:<\/i> Art. 6 p\u00e1rr. 1 lit. a GDPR (consentimiento que usted ha dado marcando la casilla de verificaci\u00f3n en el formulario).<\/p><\/li><\/ul><\/li><li><p data-path-to-node=\"27,2,0\"><b data-path-to-node=\"27,2,0\" data-index-in-node=\"0\">CRM y gesti\u00f3n de clientes:<\/b> Almacenamiento de sus datos para el inicio de una relaci\u00f3n comercial a largo plazo.<\/p><ul data-path-to-node=\"27,2,1\"><li><p data-path-to-node=\"27,2,1,0,0\"><i data-path-to-node=\"27,2,1,0,0\" data-index-in-node=\"0\">Base jur\u00eddica:<\/i> Art. 6 p\u00e1rr. 1 lit. f GDPR (inter\u00e9s leg\u00edtimo en una distribuci\u00f3n eficaz).<\/p><\/li><\/ul><\/li><\/ol><h3 data-path-to-node=\"28\">c) Tecnolog\u00edas utilizadas (pila tecnol\u00f3gica)<\/h3><p data-path-to-node=\"29\">Utilizamos proveedores de servicios especializados para la ejecuci\u00f3n t\u00e9cnica de este servicio. Hemos celebrado acuerdos de tratamiento de datos (APD) con todos los proveedores de conformidad con el art\u00edculo 28 del RGPD.<\/p><ul data-path-to-node=\"30\"><li><p data-path-to-node=\"30,0,0\"><b data-path-to-node=\"30,0,0\" data-index-in-node=\"0\">Alojamiento Frontend (Vercel):<\/b> La interfaz de la calculadora de ROI es la siguiente <i data-path-to-node=\"30,0,0\" data-index-in-node=\"67\">Vercel Inc.<\/i> (EE.UU.). Vercel procesa las direcciones IP para el suministro t\u00e9cnico. La seguridad de los datos est\u00e1 garantizada por las cl\u00e1usulas contractuales tipo (SCC).<\/p><\/li><li><p data-path-to-node=\"30,1,0\"><b data-path-to-node=\"30,1,0\" data-index-in-node=\"0\">Interfaz de datos (Marca):<\/b> Para transferir los datos del ordenador a nuestro CRM, utilizamos <i data-path-to-node=\"30,1,0\" data-index-in-node=\"90\">Visite<\/i> (Celonis, Inc.). Los datos se transmiten cifrados.<\/p><\/li><li><p data-path-to-node=\"30,2,0\"><b data-path-to-node=\"30,2,0\" data-index-in-node=\"0\">CRM y env\u00edo de correos electr\u00f3nicos (GoHighLevel \/ LeadConnector):<\/b> Utilizamos <i data-path-to-node=\"30,2,0\" data-index-in-node=\"63\">HighLevel Inc.<\/i> (Dallas, EE.UU.) para gestionar los contactos con los clientes y enviar correos electr\u00f3nicos. Sus datos se almacenan en servidores de Estados Unidos. El proveedor garantiza un nivel adecuado de protecci\u00f3n de datos mediante cl\u00e1usulas contractuales tipo (CCT) y medidas t\u00e9cnicas de seguridad.<\/p><\/li><\/ul><h2 data-path-to-node=\"31\">6. contacto general<\/h2><p data-path-to-node=\"32\">Al ponerse en contacto con nosotros (por ejemplo, mediante el formulario de contacto, por correo electr\u00f3nico, por tel\u00e9fono o a trav\u00e9s de las redes sociales), los datos del usuario se procesan para procesar la consulta de contacto y su tramitaci\u00f3n de conformidad con el art. 6, apdo. 1 lit. b GDPR.<\/p><h2 data-path-to-node=\"33\">7. google analytics<\/h2><p data-path-to-node=\"34\">Utilizamos Google Analytics, un servicio anal\u00edtico de web prestado por Google Ireland Limited. Google utiliza cookies. La informaci\u00f3n generada por la cookie sobre el uso de la oferta en l\u00ednea por parte del usuario se transmite normalmente a un servidor de Google en EE.UU. y se almacena all\u00ed.<\/p><ul data-path-to-node=\"35\"><li><p data-path-to-node=\"35,0,0\"><b data-path-to-node=\"35,0,0\" data-index-in-node=\"0\">Anonimizaci\u00f3n de IP:<\/b> S\u00f3lo utilizamos Google Analytics con anonimizaci\u00f3n de IP activada.<\/p><\/li><li><p data-path-to-node=\"35,1,0\"><b data-path-to-node=\"35,1,0\" data-index-in-node=\"0\">Contradicci\u00f3n:<\/b> Puede evitar que Google Analytics recopile datos rechazando las cookies estad\u00edsticas en el banner de cookies o instalando el complemento del navegador para desactivar Google Analytics.<\/p><\/li><\/ul><h2 data-path-to-node=\"36\">8. transmisi\u00f3n internacional de datos (LATAM)<\/h2><p data-path-to-node=\"37\">Dado que MAKU Meat Tec opera a nivel internacional (centr\u00e1ndose en Am\u00e9rica Latina), los datos pueden ser transferidos a socios o sucursales en terceros pa\u00edses (por ejemplo, M\u00e9xico, Colombia, Chile) como parte de proyectos espec\u00edficos o solicitudes de apoyo. Esto s\u00f3lo tiene lugar si es necesario para el cumplimiento del contrato (Art. 49 p\u00e1rr. 1 lit. b GDPR) o si existen garant\u00edas adecuadas (por ejemplo, cl\u00e1usulas contractuales est\u00e1ndar de la UE).<\/p><h2 data-path-to-node=\"38\">9. supresi\u00f3n de datos<\/h2><p data-path-to-node=\"39\">Los datos procesados por nosotros ser\u00e1n borrados o restringidos en su procesamiento de acuerdo con el Art. 17 y 18 GDPR tan pronto como ya no sean necesarios para los fines previstos y el borrado no entre en conflicto con ninguna obligaci\u00f3n legal de retenci\u00f3n.<\/p><h2 data-path-to-node=\"40\">10. derechos de los interesados<\/h2><p data-path-to-node=\"41\">Tienes derecho:<\/p><ul data-path-to-node=\"42\"><li><p data-path-to-node=\"42,0,0\">solicitar informaci\u00f3n sobre sus datos personales tratados por nosotros de conformidad con el art\u00edculo 15 del RGPD;<\/p><\/li><li><p data-path-to-node=\"42,1,0\">de conformidad con el art\u00edculo 16 del GDPR, a solicitar inmediatamente la correcci\u00f3n de datos incorrectos o incompletos almacenados por nosotros;<\/p><\/li><li><p data-path-to-node=\"42,2,0\">solicitar la supresi\u00f3n de sus datos almacenados por nosotros de conformidad con el art\u00edculo 17 del GDPR;<\/p><\/li><li><p data-path-to-node=\"42,3,0\">oponerse al tratamiento de conformidad con el art\u00edculo 21 del RGPD.<\/p><\/li><\/ul><h2 data-path-to-node=\"43\">11. responsable de la protecci\u00f3n de datos<\/h2><p data-path-to-node=\"44\">Si tiene alguna pregunta sobre la protecci\u00f3n de datos, p\u00f3ngase en contacto con nuestro responsable de protecci\u00f3n de datos en la direcci\u00f3n siguiente Correo electr\u00f3nico: sanudo@maku-meattec.de<br \/>+49 521 999 891 20<\/p>\t\t\t\t\t\t\t\t<\/div>\n\t\t\t\t<\/div>\n\t\t\t\t<\/div>\n\t\t\t\t\t<\/div>\n\t\t\t\t<\/div>\n\t\t\t\t\t<\/div>\n\t\t\t\t<\/div>\n\t\t\t\t<\/div>","protected":false},"excerpt":{"rendered":"<p>daten Datenschutzerkl\u00e4rung 1. Einleitung und Verantwortlicher Diese Datenschutzerkl\u00e4rung kl\u00e4rt Sie \u00fcber die Art, den Umfang und Zweck der Verarbeitung von personenbezogenen Daten (nachfolgend kurz \u201eDaten\u201c) innerhalb unseres Onlineangebotes und der mit ihm verbundenen Webseiten, Funktionen und Inhalte auf. Verantwortlicher im Sinne der DSGVO: MAKU Meat Tec GmbH &amp; Co. KG Leinenbrink 10 33824 Werther (Westf.), [&hellip;]<\/p>\n","protected":false},"author":1,"featured_media":0,"parent":0,"menu_order":0,"comment_status":"closed","ping_status":"closed","template":"","meta":{"footnotes":""},"class_list":["post-2508","page","type-page","status-publish","hentry"],"_links":{"self":[{"href":"https:\/\/maku-meattec.com\/esp\/wp-json\/wp\/v2\/pages\/2508","targetHints":{"allow":["GET"]}}],"collection":[{"href":"https:\/\/maku-meattec.com\/esp\/wp-json\/wp\/v2\/pages"}],"about":[{"href":"https:\/\/maku-meattec.com\/esp\/wp-json\/wp\/v2\/types\/page"}],"author":[{"embeddable":true,"href":"https:\/\/maku-meattec.com\/esp\/wp-json\/wp\/v2\/users\/1"}],"replies":[{"embeddable":true,"href":"https:\/\/maku-meattec.com\/esp\/wp-json\/wp\/v2\/comments?post=2508"}],"version-history":[{"count":9,"href":"https:\/\/maku-meattec.com\/esp\/wp-json\/wp\/v2\/pages\/2508\/revisions"}],"predecessor-version":[{"id":5032,"href":"https:\/\/maku-meattec.com\/esp\/wp-json\/wp\/v2\/pages\/2508\/revisions\/5032"}],"wp:attachment":[{"href":"https:\/\/maku-meattec.com\/esp\/wp-json\/wp\/v2\/media?parent=2508"}],"curies":[{"name":"wp","href":"https:\/\/api.w.org\/{rel}","templated":true}]}}