{"id":2510,"date":"2025-10-26T02:42:19","date_gmt":"2025-10-26T01:42:19","guid":{"rendered":"https:\/\/maku-meattec.com\/?page_id=2510"},"modified":"2025-11-02T22:58:54","modified_gmt":"2025-11-02T21:58:54","slug":"cookie-richtlinie-cookie-banner-seite","status":"publish","type":"page","link":"https:\/\/maku-meattec.com\/esp\/cookie-richtlinie-cookie-banner-seite\/","title":{"rendered":"Pol\u00edtica de cookies"},"content":{"rendered":"<div data-elementor-type=\"wp-page\" data-elementor-id=\"2510\" class=\"elementor elementor-2510\">\n\t\t\t\t<div class=\"elementor-element elementor-element-21d2fce6 e-con-full e-flex e-con e-parent\" data-id=\"21d2fce6\" data-element_type=\"container\" data-e-type=\"container\" data-settings=\"{&quot;background_background&quot;:&quot;classic&quot;}\">\n\t\t<div class=\"elementor-element elementor-element-3710807b e-flex e-con-boxed e-con e-child\" data-id=\"3710807b\" data-element_type=\"container\" data-e-type=\"container\" data-settings=\"{&quot;background_background&quot;:&quot;classic&quot;}\">\n\t\t\t\t\t<div class=\"e-con-inner\">\n\t\t<div class=\"elementor-element elementor-element-7421e65 e-con-full e-flex e-con e-child\" data-id=\"7421e65\" data-element_type=\"container\" data-e-type=\"container\">\n\t\t<div class=\"elementor-element elementor-element-2f59c290 e-con-full e-flex e-con e-child\" data-id=\"2f59c290\" data-element_type=\"container\" data-e-type=\"container\">\n\t\t\t\t<div class=\"elementor-element elementor-element-776a2936 elementor-invisible elementor-widget elementor-widget-heading\" data-id=\"776a2936\" data-element_type=\"widget\" data-e-type=\"widget\" data-settings=\"{&quot;_animation&quot;:&quot;fadeInLeft&quot;}\" data-widget_type=\"heading.default\">\n\t\t\t\t<div class=\"elementor-widget-container\">\n\t\t\t\t\t<h1 class=\"elementor-heading-title elementor-size-default\">Cookies<\/h1>\t\t\t\t<\/div>\n\t\t\t\t<\/div>\n\t\t\t\t<\/div>\n\t\t\t\t<\/div>\n\t\t\t\t\t<\/div>\n\t\t\t\t<\/div>\n\t\t\t\t<\/div>\n\t\t<div class=\"elementor-element elementor-element-5af69b46 e-flex e-con-boxed e-con e-parent\" data-id=\"5af69b46\" data-element_type=\"container\" data-e-type=\"container\" data-settings=\"{&quot;background_background&quot;:&quot;classic&quot;}\">\n\t\t\t\t\t<div class=\"e-con-inner\">\n\t\t<div class=\"elementor-element elementor-element-79c89df e-flex e-con-boxed e-con e-child\" data-id=\"79c89df\" data-element_type=\"container\" data-e-type=\"container\">\n\t\t\t\t\t<div class=\"e-con-inner\">\n\t\t<div class=\"elementor-element elementor-element-25120f00 e-con-full e-flex e-con e-child\" data-id=\"25120f00\" data-element_type=\"container\" data-e-type=\"container\">\n\t\t\t\t<div class=\"elementor-element elementor-element-12851ed0 elementor-drop-cap-yes elementor-drop-cap-view-default elementor-widget elementor-widget-text-editor\" data-id=\"12851ed0\" data-element_type=\"widget\" data-e-type=\"widget\" data-settings=\"{&quot;drop_cap&quot;:&quot;yes&quot;}\" data-widget_type=\"text-editor.default\">\n\t\t\t\t<div class=\"elementor-widget-container\">\n\t\t\t\t\t\t\t\t\t<h3 data-start=\"401\" data-end=\"487\">Pol\u00edtica de cookies<\/h3><h3 data-start=\"378\" data-end=\"407\">1. uso de cookies<\/h3><p data-start=\"409\" data-end=\"1102\">Las p\u00e1ginas de Internet de MAKU Meat Tec GmbH &amp; Co. KG utilizan cookies. Las cookies son peque\u00f1os archivos de texto que se colocan y almacenan en un sistema inform\u00e1tico a trav\u00e9s de un navegador de Internet.<br data-start=\"604\" data-end=\"607\" \/>Numerosos sitios web y servidores utilizan cookies. Muchas cookies contienen el denominado ID de cookie. Un ID de cookie es un identificador \u00fanico para la cookie. Consiste en una cadena de caracteres que permite asignar los sitios web y servidores al navegador de Internet espec\u00edfico en el que se almacen\u00f3 la cookie. Esto permite a los sitios web y servidores visitados distinguir el navegador individual del interesado de otros navegadores que contienen otras cookies.<\/p><p data-start=\"1104\" data-end=\"1300\">Mediante el uso de cookies, MAKU Meat Tec GmbH &amp; Co. KG puede ofrecer a los usuarios de este sitio web servicios m\u00e1s f\u00e1ciles de usar que no ser\u00edan posibles sin el uso de cookies.<\/p><h3 data-start=\"1302\" data-end=\"1326\">2. finalidad de las cookies<\/h3><p data-start=\"1328\" data-end=\"1644\">Las cookies pueden utilizarse para optimizar la informaci\u00f3n y las ofertas de nuestro sitio web en beneficio del usuario. Las cookies nos permiten reconocer a los usuarios de nuestro sitio web. La finalidad de este reconocimiento es facilitar a los usuarios el uso de nuestro sitio web.<br data-start=\"1629\" data-end=\"1632\" \/>Ejemplos:<\/p><ul data-start=\"1645\" data-end=\"1981\"><li data-start=\"1645\" data-end=\"1867\"><p data-start=\"1647\" data-end=\"1867\">El usuario de un sitio web que utiliza cookies no tiene que volver a introducir sus datos de acceso cada vez que visita el sitio web, ya que de ello se encargan el sitio web y la cookie almacenada en el sistema inform\u00e1tico del usuario.<\/p><\/li><li data-start=\"1868\" data-end=\"1981\"><p data-start=\"1870\" data-end=\"1981\">En una tienda online, una cookie recuerda los art\u00edculos que un cliente ha colocado en la cesta de la compra virtual.<\/p><\/li><\/ul><h3 data-start=\"1983\" data-end=\"2007\">3. tipos de cookies<\/h3><p data-start=\"2009\" data-end=\"2071\">En nuestro sitio web utilizamos los siguientes tipos de cookies:<\/p><ul data-start=\"2073\" data-end=\"3037\"><li data-start=\"2073\" data-end=\"2319\"><p data-start=\"2075\" data-end=\"2319\">Cookies t\u00e9cnicamente necesarias:<br data-start=\"2108\" data-end=\"2111\" \/>Estas cookies son necesarias para permitir el funcionamiento de nuestro sitio web. Sin estas cookies, servicios b\u00e1sicos como la navegaci\u00f3n por p\u00e1ginas o el inicio de sesi\u00f3n seguro no funcionar\u00e1n correctamente.<\/p><\/li><li data-start=\"2321\" data-end=\"2568\"><p data-start=\"2323\" data-end=\"2568\">Cookies funcionales:<br data-start=\"2347\" data-end=\"2350\" \/>Estas cookies permiten que el sitio web recuerde informaci\u00f3n que modifica el comportamiento o el aspecto del mismo, como su idioma preferido o la regi\u00f3n en la que se encuentra.<\/p><\/li><li data-start=\"2570\" data-end=\"2831\"><p data-start=\"2572\" data-end=\"2831\">Cookies de an\u00e1lisis \/ estad\u00edsticas (por ejemplo, Google Analytics):<br data-start=\"2630\" data-end=\"2633\" \/>Estas cookies nos ayudan a comprender c\u00f3mo interact\u00faan los visitantes con nuestro sitio web mediante la recopilaci\u00f3n y notificaci\u00f3n de informaci\u00f3n de forma an\u00f3nima. Esto nos permite mejorar continuamente nuestra oferta.<\/p><\/li><li data-start=\"2833\" data-end=\"3037\"><p data-start=\"2835\" data-end=\"3037\">Cookies de marketing \/ seguimiento:<br data-start=\"2869\" data-end=\"2872\" \/>Estas cookies se utilizan para seguir a los visitantes de los sitios web. El objetivo es mostrar anuncios que sean relevantes y atractivos para cada usuario.<\/p><\/li><\/ul><h3 data-start=\"3039\" data-end=\"3082\">4. almacenamiento y eliminaci\u00f3n de cookies<\/h3><p data-start=\"3084\" data-end=\"3464\">Usted puede impedir en cualquier momento la instalaci\u00f3n de cookies por parte de nuestro sitio web mediante el correspondiente ajuste del navegador de Internet utilizado y, de este modo, oponerse permanentemente a la instalaci\u00f3n de cookies.<br data-start=\"3293\" data-end=\"3296\" \/>Las cookies ya instaladas pueden eliminarse en cualquier momento a trav\u00e9s del navegador de Internet u otros programas inform\u00e1ticos. Esto es posible en todos los navegadores de Internet habituales.<\/p><p data-start=\"3466\" data-end=\"3628\">Si desactiva el almacenamiento de cookies en su navegador, es posible que no pueda utilizar todas las funciones de nuestro sitio web en toda su extensi\u00f3n.<\/p><h3 data-start=\"3630\" data-end=\"3668\">5. consentimiento de cookies (Consentimiento)<\/h3><p data-start=\"3670\" data-end=\"4134\">Cuando visita nuestro sitio web por primera vez, aparece un banner de cookies, que puede utilizar para dar o denegar su consentimiento al uso de cookies.<br data-start=\"3823\" data-end=\"3826\" \/>El procesamiento de datos personales en relaci\u00f3n con las cookies se lleva a cabo sobre la base del Art. 6 p\u00e1rrafo 1 lit. a GDPR (consentimiento) o, si es t\u00e9cnicamente necesario, sobre la base del Art. 6 p\u00e1rrafo 1 lit. f GDPR (inter\u00e9s leg\u00edtimo del operador del sitio web en un sitio web funcional).<\/p><p data-start=\"4136\" data-end=\"4255\">Puede revocar o ajustar su consentimiento en cualquier momento a trav\u00e9s del enlace \u201eConfiguraci\u00f3n de cookies\u201c situado en la parte inferior de la p\u00e1gina.<\/p><h3 data-start=\"4257\" data-end=\"4292\">6. uso de Google Analytics<\/h3><p data-start=\"4294\" data-end=\"4918\">Nuestro sitio web utiliza Google Analytics (con anonimizaci\u00f3n de IP), un servicio de an\u00e1lisis web prestado por Google Ireland Limited. Google Analytics utiliza cookies para ayudar al sitio web a analizar c\u00f3mo lo utilizan los usuarios.<br data-start=\"4509\" data-end=\"4512\" \/>La informaci\u00f3n generada por la cookie sobre el uso de este sitio web se transmite generalmente a un servidor de Google en los EE.UU. y se almacena all\u00ed.<br data-start=\"4681\" data-end=\"4684\" \/>Sin embargo, al activar la anonimizaci\u00f3n de IP, su direcci\u00f3n IP ser\u00e1 acortada previamente por Google dentro de los estados miembros de la Uni\u00f3n Europea o en otros estados contratantes del Acuerdo sobre el Espacio Econ\u00f3mico Europeo.<\/p><p data-start=\"4920\" data-end=\"5066\">Encontrar\u00e1 m\u00e1s informaci\u00f3n sobre la protecci\u00f3n de datos de Google en:<br data-start=\"4986\" data-end=\"4989\" \/>\ud83d\udc49 <a class=\"decorated-link\" href=\"https:\/\/policies.google.com\/privacy\" target=\"_new\" rel=\"noopener\" data-start=\"4992\" data-end=\"5066\">https:\/\/policies.google.com\/privacy<\/a><\/p><hr data-start=\"5068\" data-end=\"5071\" \/><p data-start=\"5073\" data-end=\"5273\">Responsable del tratamiento en el sentido del Reglamento General de Protecci\u00f3n de Datos (RGPD):<br data-start=\"5143\" data-end=\"5146\" \/>MAKU Meat Tec GmbH &amp; Co. KG<br data-start=\"5173\" data-end=\"5176\" \/>Leinenbrink 10<br data-start=\"5190\" data-end=\"5193\" \/>33824 Werther (Westfalia)<br data-start=\"5215\" data-end=\"5218\" \/>Tel\u00e9fono: +49 5203 2065449<br data-start=\"5240\" data-end=\"5243\" \/>E-Mail: <a class=\"decorated-link cursor-pointer\" rel=\"noopener\" data-start=\"5251\" data-end=\"5271\">info@maku-meattec.de<\/a><\/p>\t\t\t\t\t\t\t\t<\/div>\n\t\t\t\t<\/div>\n\t\t\t\t<\/div>\n\t\t\t\t\t<\/div>\n\t\t\t\t<\/div>\n\t\t\t\t\t<\/div>\n\t\t\t\t<\/div>\n\t\t\t\t<\/div>","protected":false},"excerpt":{"rendered":"<p>Cookies Cookie-Richtlinie 1. Verwendung von Cookies Die Internetseiten der MAKU Meat Tec GmbH &amp; Co. KG verwenden Cookies. Cookies sind kleine Textdateien, die \u00fcber einen Internetbrowser auf einem Computersystem abgelegt und gespeichert werden.Zahlreiche Internetseiten und Server verwenden Cookies. Viele Cookies enthalten eine sogenannte Cookie-ID. Eine Cookie-ID ist eine eindeutige Kennung des Cookies. Sie besteht aus [&hellip;]<\/p>\n","protected":false},"author":1,"featured_media":0,"parent":0,"menu_order":0,"comment_status":"closed","ping_status":"closed","template":"","meta":{"footnotes":""},"class_list":["post-2510","page","type-page","status-publish","hentry"],"_links":{"self":[{"href":"https:\/\/maku-meattec.com\/esp\/wp-json\/wp\/v2\/pages\/2510","targetHints":{"allow":["GET"]}}],"collection":[{"href":"https:\/\/maku-meattec.com\/esp\/wp-json\/wp\/v2\/pages"}],"about":[{"href":"https:\/\/maku-meattec.com\/esp\/wp-json\/wp\/v2\/types\/page"}],"author":[{"embeddable":true,"href":"https:\/\/maku-meattec.com\/esp\/wp-json\/wp\/v2\/users\/1"}],"replies":[{"embeddable":true,"href":"https:\/\/maku-meattec.com\/esp\/wp-json\/wp\/v2\/comments?post=2510"}],"version-history":[{"count":0,"href":"https:\/\/maku-meattec.com\/esp\/wp-json\/wp\/v2\/pages\/2510\/revisions"}],"wp:attachment":[{"href":"https:\/\/maku-meattec.com\/esp\/wp-json\/wp\/v2\/media?parent=2510"}],"curies":[{"name":"wp","href":"https:\/\/api.w.org\/{rel}","templated":true}]}}