{"id":4140,"date":"2025-12-22T22:41:51","date_gmt":"2025-12-22T21:41:51","guid":{"rendered":"https:\/\/maku-meattec.com\/?page_id=4140"},"modified":"2026-01-02T22:43:33","modified_gmt":"2026-01-02T21:43:33","slug":"lamm-wild","status":"publish","type":"page","link":"https:\/\/maku-meattec.com\/esp\/lamm-wild\/","title":{"rendered":"Cordero y caza"},"content":{"rendered":"<div data-elementor-type=\"wp-page\" data-elementor-id=\"4140\" class=\"elementor elementor-4140\">\n\t\t\t\t<div class=\"elementor-element elementor-element-c42b2c7 e-con-full e-flex e-con e-parent\" data-id=\"c42b2c7\" data-element_type=\"container\" data-e-type=\"container\" data-settings=\"{&quot;background_background&quot;:&quot;slideshow&quot;,&quot;background_slideshow_slide_transition&quot;:&quot;slide_right&quot;,&quot;background_slideshow_ken_burns&quot;:&quot;yes&quot;,&quot;background_slideshow_gallery&quot;:[],&quot;background_slideshow_loop&quot;:&quot;yes&quot;,&quot;background_slideshow_slide_duration&quot;:5000,&quot;background_slideshow_transition_duration&quot;:500,&quot;background_slideshow_ken_burns_zoom_direction&quot;:&quot;in&quot;}\">\n\t\t<div class=\"elementor-element elementor-element-bf417d9 e-flex e-con-boxed e-con e-child\" data-id=\"bf417d9\" data-element_type=\"container\" data-e-type=\"container\" data-settings=\"{&quot;background_background&quot;:&quot;classic&quot;}\">\n\t\t\t\t\t<div class=\"e-con-inner\">\n\t\t<div class=\"elementor-element elementor-element-1c5d2e45 e-con-full e-flex e-con e-child\" data-id=\"1c5d2e45\" data-element_type=\"container\" data-e-type=\"container\">\n\t\t<div class=\"elementor-element elementor-element-2ee8d908 e-con-full e-flex e-con e-child\" data-id=\"2ee8d908\" data-element_type=\"container\" data-e-type=\"container\">\n\t\t\t\t<div class=\"elementor-element elementor-element-3cce6b33 elementor-invisible elementor-widget elementor-widget-elementskit-heading\" data-id=\"3cce6b33\" data-element_type=\"widget\" data-e-type=\"widget\" data-settings=\"{&quot;_animation&quot;:&quot;fadeInLeft&quot;}\" data-widget_type=\"elementskit-heading.default\">\n\t\t\t\t<div class=\"elementor-widget-container\">\n\t\t\t\t\t<div class=\"ekit-wid-con\" ><div class=\"ekit-heading elementskit-section-title-wraper text_left   ekit_heading_tablet-   ekit_heading_mobile-\"><h1 class=\"ekit-heading--title elementskit-section-title text_fill\">Cordero y caza<\/h1><\/div><\/div>\t\t\t\t<\/div>\n\t\t\t\t<\/div>\n\t\t\t\t<div class=\"elementor-element elementor-element-3e9c209c elementor-invisible elementor-widget elementor-widget-text-editor\" data-id=\"3e9c209c\" data-element_type=\"widget\" data-e-type=\"widget\" data-settings=\"{&quot;_animation&quot;:&quot;fadeInLeft&quot;,&quot;_animation_delay&quot;:400}\" data-widget_type=\"text-editor.default\">\n\t\t\t\t<div class=\"elementor-widget-container\">\n\t\t\t\t\t\t\t\t\t<p>alto contenido de tejido conjuntivo, contenido de hueso y fuerte dispersi\u00f3n natural en la materia prima. Los m\u00e9todos tradicionales de marinado suelen dar lugar a un sazonado desigual, una textura dura y largos tiempos de proceso.<br data-start=\"573\" data-end=\"576\" \/>Las tecnolog\u00edas Maku permiten una inyecci\u00f3n profunda selectiva, un marinado acelerado y una calidad reproducible, incluso con productos con hueso dif\u00edciles.<\/p>\t\t\t\t\t\t\t\t<\/div>\n\t\t\t\t<\/div>\n\t\t\t\t<\/div>\n\t\t\t\t<\/div>\n\t\t<div class=\"elementor-element elementor-element-222ac6c e-con-full e-flex e-con e-child\" data-id=\"222ac6c\" data-element_type=\"container\" data-e-type=\"container\">\n\t\t<div class=\"elementor-element elementor-element-7de535a4 e-con-full e-flex e-con e-child\" data-id=\"7de535a4\" data-element_type=\"container\" data-e-type=\"container\">\n\t\t\t\t<div class=\"elementor-element elementor-element-560129ad elementor-widget elementor-widget-icon-box\" data-id=\"560129ad\" data-element_type=\"widget\" data-e-type=\"widget\" data-widget_type=\"icon-box.default\">\n\t\t\t\t<div class=\"elementor-widget-container\">\n\t\t\t\t\t\t\t<div class=\"elementor-icon-box-wrapper\">\n\n\t\t\t\n\t\t\t\t\t\t<div class=\"elementor-icon-box-content\">\n\n\t\t\t\t\t\t\t\t\t<h5 class=\"elementor-icon-box-title\">\n\t\t\t\t\t\t<span  >\n\t\t\t\t\t\t\tInyecci\u00f3n controlada, sazonado uniforme y textura estable para productos con hueso\t\t\t\t\t\t<\/span>\n\t\t\t\t\t<\/h5>\n\t\t\t\t\n\t\t\t\t\n\t\t\t<\/div>\n\t\t\t\n\t\t<\/div>\n\t\t\t\t\t\t<\/div>\n\t\t\t\t<\/div>\n\t\t\t\t<\/div>\n\t\t\t\t<\/div>\n\t\t\t\t\t<\/div>\n\t\t\t\t<\/div>\n\t\t\t\t<\/div>\n\t\t<div class=\"elementor-element elementor-element-7e868797 e-flex e-con-boxed e-con e-parent\" data-id=\"7e868797\" data-element_type=\"container\" data-e-type=\"container\" data-settings=\"{&quot;background_background&quot;:&quot;classic&quot;}\">\n\t\t\t\t\t<div class=\"e-con-inner\">\n\t\t<div class=\"elementor-element elementor-element-30346ee6 e-con-full e-flex e-con e-child\" data-id=\"30346ee6\" data-element_type=\"container\" data-e-type=\"container\">\n\t\t<div class=\"elementor-element elementor-element-240f6912 e-con-full e-flex e-con e-child\" data-id=\"240f6912\" data-element_type=\"container\" data-e-type=\"container\">\n\t\t<div class=\"elementor-element elementor-element-1cac5d2e e-con-full e-flex e-con e-child\" data-id=\"1cac5d2e\" data-element_type=\"container\" data-e-type=\"container\">\n\t\t<div class=\"elementor-element elementor-element-751e8299 e-con-full e-flex elementor-invisible e-con e-child\" data-id=\"751e8299\" data-element_type=\"container\" data-e-type=\"container\" data-settings=\"{&quot;background_background&quot;:&quot;classic&quot;,&quot;animation&quot;:&quot;fadeInLeft&quot;}\">\n\t\t\t\t<div class=\"elementor-element elementor-element-6250a943 elementor-widget elementor-widget-icon-box\" data-id=\"6250a943\" data-element_type=\"widget\" data-e-type=\"widget\" data-widget_type=\"icon-box.default\">\n\t\t\t\t<div class=\"elementor-widget-container\">\n\t\t\t\t\t\t\t<div class=\"elementor-icon-box-wrapper\">\n\n\t\t\t\n\t\t\t\t\t\t<div class=\"elementor-icon-box-content\">\n\n\t\t\t\t\t\t\t\t\t<h4 class=\"elementor-icon-box-title\">\n\t\t\t\t\t\t<span  >\n\t\t\t\t\t\t\tCanales y patas enteras\t\t\t\t\t\t<\/span>\n\t\t\t\t\t<\/h4>\n\t\t\t\t\n\t\t\t\t\n\t\t\t<\/div>\n\t\t\t\n\t\t<\/div>\n\t\t\t\t\t\t<\/div>\n\t\t\t\t<\/div>\n\t\t\t\t<div class=\"elementor-element elementor-element-38588226 elementor-mobile-align-justify elementor-widget__width-auto elementor-widget elementor-widget-button\" data-id=\"38588226\" data-element_type=\"widget\" data-e-type=\"widget\" data-widget_type=\"button.default\">\n\t\t\t\t<div class=\"elementor-widget-container\">\n\t\t\t\t\t\t\t\t\t<div class=\"elementor-button-wrapper\">\n\t\t\t\t\t<a class=\"elementor-button elementor-button-link elementor-size-sm elementor-animation-float\" href=\"#Ganze%20Karkassen%20&#038;%20Keulen\">\n\t\t\t\t\t\t<span class=\"elementor-button-content-wrapper\">\n\t\t\t\t\t\t<span class=\"elementor-button-icon\">\n\t\t\t\t<i aria-hidden=\"true\" class=\"icon icon-arrow-right\"><\/i>\t\t\t<\/span>\n\t\t\t\t\t\t\t\t\t<span class=\"elementor-button-text\">M\u00e1s informaci\u00f3n<\/span>\n\t\t\t\t\t<\/span>\n\t\t\t\t\t<\/a>\n\t\t\t\t<\/div>\n\t\t\t\t\t\t\t\t<\/div>\n\t\t\t\t<\/div>\n\t\t\t\t<\/div>\n\t\t\t\t<\/div>\n\t\t<div class=\"elementor-element elementor-element-3e2b760b e-con-full e-flex e-con e-child\" data-id=\"3e2b760b\" data-element_type=\"container\" data-e-type=\"container\">\n\t\t\t\t<\/div>\n\t\t<div class=\"elementor-element elementor-element-6a2d6566 e-con-full e-flex e-con e-child\" data-id=\"6a2d6566\" data-element_type=\"container\" data-e-type=\"container\">\n\t\t\t\t<\/div>\n\t\t<div class=\"elementor-element elementor-element-4f75d862 e-con-full e-flex e-con e-child\" data-id=\"4f75d862\" data-element_type=\"container\" data-e-type=\"container\">\n\t\t\t\t<\/div>\n\t\t\t\t<\/div>\n\t\t\t\t<\/div>\n\t\t\t\t\t<\/div>\n\t\t\t\t<\/div>\n\t\t<div class=\"elementor-element elementor-element-50ebc080 e-flex e-con-boxed e-con e-parent\" data-id=\"50ebc080\" data-element_type=\"container\" data-e-type=\"container\" id=\"stakes info\" data-settings=\"{&quot;background_background&quot;:&quot;classic&quot;}\">\n\t\t\t\t\t<div class=\"e-con-inner\">\n\t\t<div class=\"elementor-element elementor-element-949a93 e-con-full e-flex e-con e-child\" data-id=\"949a93\" data-element_type=\"container\" data-e-type=\"container\">\n\t\t<div class=\"elementor-element elementor-element-4ae39b9f e-con-full e-flex e-con e-child\" data-id=\"4ae39b9f\" data-element_type=\"container\" data-e-type=\"container\">\n\t\t<div class=\"elementor-element elementor-element-15b42fe7 e-con-full e-flex e-con e-child\" data-id=\"15b42fe7\" data-element_type=\"container\" data-e-type=\"container\">\n\t\t<div class=\"elementor-element elementor-element-701d1b46 e-con-full e-flex elementor-invisible e-con e-child\" data-id=\"701d1b46\" data-element_type=\"container\" data-e-type=\"container\" data-settings=\"{&quot;background_background&quot;:&quot;classic&quot;,&quot;animation&quot;:&quot;fadeInLeft&quot;}\">\n\t\t<div class=\"elementor-element elementor-element-7fee46f5 e-con-full e-flex e-con e-child\" data-id=\"7fee46f5\" data-element_type=\"container\" data-e-type=\"container\">\n\t\t\t\t<div class=\"elementor-element elementor-element-4faebc30 elementor-widget__width-inherit elementor-absolute elementor-widget elementor-widget-elementskit-video\" data-id=\"4faebc30\" data-element_type=\"widget\" data-e-type=\"widget\" data-settings=\"{&quot;_position&quot;:&quot;absolute&quot;}\" data-widget_type=\"elementskit-video.default\">\n\t\t\t\t<div class=\"elementor-widget-container\">\n\t\t\t\t\t<div class=\"ekit-wid-con\" >\t\t<div class=\"video-content\" data-video-player=\"[]\" data-video-setting=\"{&quot;videoVolume&quot;:&quot;horizontal&quot;,&quot;startVolume&quot;:0.8,&quot;videoType&quot;:&quot;iframe&quot;,&quot;videoClass&quot;:&quot;mfp-fade&quot;,&quot;videoStyle&quot;:&quot;popup&quot;,&quot;videoTypeName&quot;:&quot;vimeo&quot;,&quot;autoplay&quot;:true,&quot;muted&quot;:false,&quot;loop&quot;:true}\">\n\t\t\t\n<a class=\"ekit_icon_button glow-ripple ekit-video-popup ekit-video-popup-btn\" href=\"https:\/\/player.vimeo.com\/video\/1151019659?playlist=1151019659&amp;muted=0&amp;autoplay=1&amp;loop=1&amp;controls=1&amp;start=&amp;end=&amp;title=1&amp;portrait=1&amp;byline=1\" aria-label=\"ventana emergente de v\u00eddeo\" target=\"_blank\" rel=\"noopener\">\n\t\t\t\t<i aria-hidden=\"true\" class=\"icon icon-play-button\"><\/i>\t\t\n\t\t\t<\/a>\n\t\t\t\t\t\t\t<div class=\"ekit-hidden-icons\" hidden aria-hidden=\"true\">\n\t\t\t\t\t<i class=\"ekit-popup-close-icon icon icon-cancel\"><\/i>\t\t\t\t<\/div>\n\t\t<\/div>\n\t\t<\/div>\t\t\t\t<\/div>\n\t\t\t\t<\/div>\n\t\t\t\t<div class=\"elementor-element elementor-element-3c458cd4 elementor-widget elementor-widget-text-editor\" data-id=\"3c458cd4\" data-element_type=\"widget\" data-e-type=\"widget\" data-widget_type=\"text-editor.default\">\n\t\t\t\t<div class=\"elementor-widget-container\">\n\t\t\t\t\t\t\t\t\t<p>Demostraci\u00f3n en directo\u00a0 \u00a0 \u00a0 \u00a0 \u00a0 \u00a0 \u00a0 \u00a0<\/p>\t\t\t\t\t\t\t\t<\/div>\n\t\t\t\t<\/div>\n\t\t\t\t<\/div>\n\t\t\t\t<\/div>\n\t\t<div class=\"elementor-element elementor-element-10b416dc e-con-full e-flex e-con e-child\" data-id=\"10b416dc\" data-element_type=\"container\" data-e-type=\"container\">\n\t\t<div class=\"elementor-element elementor-element-75bac93 e-con-full e-flex e-con e-child\" data-id=\"75bac93\" data-element_type=\"container\" data-e-type=\"container\">\n\t\t\t\t<div class=\"elementor-element elementor-element-1591f81 mein-zentraler-effekt elementor-widget elementor-widget-image\" data-id=\"1591f81\" data-element_type=\"widget\" data-e-type=\"widget\" data-widget_type=\"image.default\">\n\t\t\t\t<div class=\"elementor-widget-container\">\n\t\t\t\t\t\t\t\t\t\t\t\t\t\t\t\t<a href=\"https:\/\/maku-meattec.com\/esp\/hpi-300\/\">\n\t\t\t\t\t\t\t<img decoding=\"async\" width=\"150\" height=\"150\" src=\"https:\/\/maku-meattec.com\/wp-content\/uploads\/2025\/12\/transparent-Photoroom-30-150x150.png\" class=\"attachment-thumbnail size-thumbnail wp-image-4237\" alt=\"Photoroom transparente ()\" srcset=\"https:\/\/maku-meattec.com\/wp-content\/uploads\/2025\/12\/transparent-Photoroom-30-150x150.png 150w, https:\/\/maku-meattec.com\/wp-content\/uploads\/2025\/12\/transparent-Photoroom-30-300x300.png 300w, https:\/\/maku-meattec.com\/wp-content\/uploads\/2025\/12\/transparent-Photoroom-30-1024x1024.png 1024w, https:\/\/maku-meattec.com\/wp-content\/uploads\/2025\/12\/transparent-Photoroom-30-768x768.png 768w, https:\/\/maku-meattec.com\/wp-content\/uploads\/2025\/12\/transparent-Photoroom-30-12x12.png 12w, https:\/\/maku-meattec.com\/wp-content\/uploads\/2025\/12\/transparent-Photoroom-30.png 1536w\" sizes=\"(max-width: 150px) 100vw, 150px\" \/>\t\t\t\t\t\t\t\t<\/a>\n\t\t\t\t\t\t\t\t\t\t\t\t\t\t\t<\/div>\n\t\t\t\t<\/div>\n\t\t\t\t<div class=\"elementor-element elementor-element-4e04b65 mein-zentraler-effekt elementor-widget elementor-widget-image\" data-id=\"4e04b65\" data-element_type=\"widget\" data-e-type=\"widget\" data-widget_type=\"image.default\">\n\t\t\t\t<div class=\"elementor-widget-container\">\n\t\t\t\t\t\t\t\t\t\t\t\t\t\t\t\t<a href=\"https:\/\/maku-meattec.com\/esp\/tumbler-serie-b-2\/\">\n\t\t\t\t\t\t\t<img decoding=\"async\" width=\"150\" height=\"150\" src=\"https:\/\/maku-meattec.com\/wp-content\/uploads\/2025\/12\/transparent-Photoroom-2-150x150.webp\" class=\"attachment-thumbnail size-thumbnail wp-image-4424\" alt=\"Photoroom transparente ()\" srcset=\"https:\/\/maku-meattec.com\/wp-content\/uploads\/2025\/12\/transparent-Photoroom-2-150x150.webp 150w, https:\/\/maku-meattec.com\/wp-content\/uploads\/2025\/12\/transparent-Photoroom-2-300x300.webp 300w, https:\/\/maku-meattec.com\/wp-content\/uploads\/2025\/12\/transparent-Photoroom-2-768x768.webp 768w, https:\/\/maku-meattec.com\/wp-content\/uploads\/2025\/12\/transparent-Photoroom-2-12x12.webp 12w, https:\/\/maku-meattec.com\/wp-content\/uploads\/2025\/12\/transparent-Photoroom-2.webp 1024w\" sizes=\"(max-width: 150px) 100vw, 150px\" \/>\t\t\t\t\t\t\t\t<\/a>\n\t\t\t\t\t\t\t\t\t\t\t\t\t\t\t<\/div>\n\t\t\t\t<\/div>\n\t\t\t\t<div class=\"elementor-element elementor-element-c15a9b3 mein-zentraler-effekt elementor-widget elementor-widget-image\" data-id=\"c15a9b3\" data-element_type=\"widget\" data-e-type=\"widget\" data-widget_type=\"image.default\">\n\t\t\t\t<div class=\"elementor-widget-container\">\n\t\t\t\t\t\t\t\t\t\t\t\t\t\t\t\t<a href=\"https:\/\/maku-meattec.com\/esp\/hpi-651\/\">\n\t\t\t\t\t\t\t<img decoding=\"async\" width=\"150\" height=\"150\" src=\"https:\/\/maku-meattec.com\/wp-content\/uploads\/2025\/12\/transparent-Photoroom-150x150.webp\" class=\"attachment-thumbnail size-thumbnail wp-image-4236\" alt=\"Photoroom transparente\" srcset=\"https:\/\/maku-meattec.com\/wp-content\/uploads\/2025\/12\/transparent-Photoroom-150x150.webp 150w, https:\/\/maku-meattec.com\/wp-content\/uploads\/2025\/12\/transparent-Photoroom-300x300.webp 300w, https:\/\/maku-meattec.com\/wp-content\/uploads\/2025\/12\/transparent-Photoroom-768x768.webp 768w, https:\/\/maku-meattec.com\/wp-content\/uploads\/2025\/12\/transparent-Photoroom-12x12.webp 12w, https:\/\/maku-meattec.com\/wp-content\/uploads\/2025\/12\/transparent-Photoroom.webp 1024w\" sizes=\"(max-width: 150px) 100vw, 150px\" \/>\t\t\t\t\t\t\t\t<\/a>\n\t\t\t\t\t\t\t\t\t\t\t\t\t\t\t<\/div>\n\t\t\t\t<\/div>\n\t\t\t\t<div class=\"elementor-element elementor-element-76d6cbf elementor-widget__width-initial elementor-widget elementor-widget-text-editor\" data-id=\"76d6cbf\" data-element_type=\"widget\" data-e-type=\"widget\" data-widget_type=\"text-editor.default\">\n\t\t\t\t<div class=\"elementor-widget-container\">\n\t\t\t\t\t\t\t\t\t<p>Nuestras recomendaciones para el tratamiento<\/p>\t\t\t\t\t\t\t\t<\/div>\n\t\t\t\t<\/div>\n\t\t\t\t<\/div>\n\t\t\t\t<\/div>\n\t\t\t\t<\/div>\n\t\t<div class=\"elementor-element elementor-element-146f6092 e-con-full e-flex e-con e-child\" data-id=\"146f6092\" data-element_type=\"container\" data-e-type=\"container\">\n\t\t\t\t<div class=\"elementor-element elementor-element-2d0edfeb elementor-widget elementor-widget-heading\" data-id=\"2d0edfeb\" data-element_type=\"widget\" data-e-type=\"widget\" id=\"Ganze Karkassen &amp; Keulen\" data-widget_type=\"heading.default\">\n\t\t\t\t<div class=\"elementor-widget-container\">\n\t\t\t\t\t<h2 class=\"elementor-heading-title elementor-size-default\">Canales y patas enteras<\/h2>\t\t\t\t<\/div>\n\t\t\t\t<\/div>\n\t\t\t\t<div class=\"elementor-element elementor-element-704e8895 elementor-widget elementor-widget-text-editor\" data-id=\"704e8895\" data-element_type=\"widget\" data-e-type=\"widget\" data-widget_type=\"text-editor.default\">\n\t\t\t\t<div class=\"elementor-widget-container\">\n\t\t\t\t\t\t\t\t\t<p data-start=\"1022\" data-end=\"1063\"><strong>Retos centrales\u00a0<\/strong><\/p><ol data-start=\"1064\" data-end=\"1204\"><li data-start=\"1064\" data-end=\"1117\"><p data-start=\"1067\" data-end=\"1117\">Sazonamiento desigual en las zonas pr\u00f3ximas al hueso<\/p><\/li><li data-start=\"1118\" data-end=\"1163\"><p data-start=\"1121\" data-end=\"1163\">Estructura resistente gracias a su alto contenido en col\u00e1geno<\/p><\/li><li data-start=\"1164\" data-end=\"1204\"><p data-start=\"1167\" data-end=\"1204\">Tiempos de marinado y reposo muy largos<\/p><\/li><\/ol>\t\t\t\t\t\t\t\t<\/div>\n\t\t\t\t<\/div>\n\t\t<div class=\"elementor-element elementor-element-268f475f e-grid e-con-full e-con e-child\" data-id=\"268f475f\" data-element_type=\"container\" data-e-type=\"container\">\n\t\t<div class=\"elementor-element elementor-element-53920864 e-con-full e-flex e-con e-child\" data-id=\"53920864\" data-element_type=\"container\" data-e-type=\"container\">\n\t\t\t\t<div class=\"elementor-element elementor-element-54a813bb elementor-widget elementor-widget-heading\" data-id=\"54a813bb\" data-element_type=\"widget\" data-e-type=\"widget\" data-widget_type=\"heading.default\">\n\t\t\t\t<div class=\"elementor-widget-container\">\n\t\t\t\t\t<h5 class=\"elementor-heading-title elementor-size-default\">Inyector (apto para hueso)<\/h5>\t\t\t\t<\/div>\n\t\t\t\t<\/div>\n\t\t\t\t<div class=\"elementor-element elementor-element-e0ee2d9 elementor-widget elementor-widget-text-editor\" data-id=\"e0ee2d9\" data-element_type=\"widget\" data-e-type=\"widget\" data-widget_type=\"text-editor.default\">\n\t\t\t\t<div class=\"elementor-widget-container\">\n\t\t\t\t\t\t\t\t\t<ul><li data-start=\"1269\" data-end=\"1316\"><p data-start=\"1271\" data-end=\"1316\">Inyecci\u00f3n profunda a lo largo del hueso<\/p><\/li><li data-start=\"1317\" data-end=\"1366\"><p data-start=\"1319\" data-end=\"1366\">Distribuci\u00f3n uniforme de la salmuera y el adobo<\/p><\/li><li data-start=\"1367\" data-end=\"1411\"><p data-start=\"1369\" data-end=\"1411\">Reducci\u00f3n de las p\u00e9rdidas por cocci\u00f3n y marinado<\/p><\/li><\/ul>\t\t\t\t\t\t\t\t<\/div>\n\t\t\t\t<\/div>\n\t\t\t\t<\/div>\n\t\t<div class=\"elementor-element elementor-element-4d5987f0 e-con-full e-flex e-con e-child\" data-id=\"4d5987f0\" data-element_type=\"container\" data-e-type=\"container\">\n\t\t\t\t<div class=\"elementor-element elementor-element-7bf9d10e elementor-widget elementor-widget-heading\" data-id=\"7bf9d10e\" data-element_type=\"widget\" data-e-type=\"widget\" data-widget_type=\"heading.default\">\n\t\t\t\t<div class=\"elementor-widget-container\">\n\t\t\t\t\t<h5 class=\"elementor-heading-title elementor-size-default\">Vaso de vac\u00edo<\/h5>\t\t\t\t<\/div>\n\t\t\t\t<\/div>\n\t\t\t\t<div class=\"elementor-element elementor-element-7f8e08b8 elementor-widget elementor-widget-text-editor\" data-id=\"7f8e08b8\" data-element_type=\"widget\" data-e-type=\"widget\" data-widget_type=\"text-editor.default\">\n\t\t\t\t<div class=\"elementor-widget-container\">\n\t\t\t\t\t\t\t\t\t<ul><li data-start=\"1437\" data-end=\"1467\"><p data-start=\"1439\" data-end=\"1467\">Aflojamiento mec\u00e1nico de las fibras<\/p><\/li><li data-start=\"1468\" data-end=\"1518\"><p data-start=\"1470\" data-end=\"1518\">Activaci\u00f3n de los procesos de prote\u00ednas y col\u00e1geno<\/p><\/li><li data-start=\"1519\" data-end=\"1557\"><p data-start=\"1521\" data-end=\"1557\">Marinado significativamente acelerado<\/p><\/li><\/ul>\t\t\t\t\t\t\t\t<\/div>\n\t\t\t\t<\/div>\n\t\t\t\t<\/div>\n\t\t\t\t<\/div>\n\t\t\t\t<\/div>\n\t\t\t\t<\/div>\n\t\t\t\t<\/div>\n\t\t\t\t\t<\/div>\n\t\t\t\t<\/div>\n\t\t<div class=\"elementor-element elementor-element-120d33ad e-con-full e-flex e-con e-parent\" data-id=\"120d33ad\" data-element_type=\"container\" data-e-type=\"container\" data-settings=\"{&quot;background_background&quot;:&quot;classic&quot;}\">\n\t\t<div class=\"elementor-element elementor-element-7501d8f9 e-flex e-con-boxed e-con e-child\" data-id=\"7501d8f9\" data-element_type=\"container\" data-e-type=\"container\" data-settings=\"{&quot;background_background&quot;:&quot;classic&quot;}\">\n\t\t\t\t\t<div class=\"e-con-inner\">\n\t\t<div class=\"elementor-element elementor-element-52e99bd5 e-con-full e-flex e-con e-child\" data-id=\"52e99bd5\" data-element_type=\"container\" data-e-type=\"container\">\n\t\t\t\t<div class=\"elementor-element elementor-element-26e620c0 elementor-invisible elementor-widget elementor-widget-elementskit-heading\" data-id=\"26e620c0\" data-element_type=\"widget\" data-e-type=\"widget\" data-settings=\"{&quot;_animation&quot;:&quot;fadeInLeft&quot;,&quot;_animation_delay&quot;:200}\" data-widget_type=\"elementskit-heading.default\">\n\t\t\t\t<div class=\"elementor-widget-container\">\n\t\t\t\t\t<div class=\"ekit-wid-con\" ><div class=\"ekit-heading elementskit-section-title-wraper text_center   ekit_heading_tablet-   ekit_heading_mobile-\"><h3 class=\"ekit-heading--title elementskit-section-title text_fill translation-block\">Nuestras <span>tecnolog\u00edas<\/span> son el resultado de experiencia, excelencia en ingenier\u00eda y cercan\u00eda con el cliente.\nInicie su proyecto<\/h3><\/div><\/div>\t\t\t\t<\/div>\n\t\t\t\t<\/div>\n\t\t\t\t<div class=\"elementor-element elementor-element-5a448254 elementor-widget__width-auto elementor-mobile-align-center elementor-align-center elementor-widget elementor-widget-button\" data-id=\"5a448254\" data-element_type=\"widget\" data-e-type=\"widget\" data-widget_type=\"button.default\">\n\t\t\t\t<div class=\"elementor-widget-container\">\n\t\t\t\t\t\t\t\t\t<div class=\"elementor-button-wrapper\">\n\t\t\t\t\t<a class=\"elementor-button elementor-button-link elementor-size-sm elementor-animation-float\" href=\"#\">\n\t\t\t\t\t\t<span class=\"elementor-button-content-wrapper\">\n\t\t\t\t\t\t<span class=\"elementor-button-icon\">\n\t\t\t\t<i aria-hidden=\"true\" class=\"icon icon-arrow-right\"><\/i>\t\t\t<\/span>\n\t\t\t\t\t\t\t\t\t<span class=\"elementor-button-text\">Inicie su proyecto<\/span>\n\t\t\t\t\t<\/span>\n\t\t\t\t\t<\/a>\n\t\t\t\t<\/div>\n\t\t\t\t\t\t\t\t<\/div>\n\t\t\t\t<\/div>\n\t\t\t\t<\/div>\n\t\t\t\t\t<\/div>\n\t\t\t\t<\/div>\n\t\t\t\t<\/div>\n\t\t\t\t<\/div>","protected":false},"excerpt":{"rendered":"<p>Lamm &amp; Wild hoher Bindegewebsanteil, Knochenanteile und starke nat\u00fcrliche Streuungen im Rohstoff. Klassische Marinierverfahren f\u00fchren h\u00e4ufig zu ungleicher W\u00fcrzung, z\u00e4her Textur und langen Prozesszeiten.Maku-Technologien erm\u00f6glichen eine gezielte Tiefeninjektion, beschleunigte Marinierung und reproduzierbare Qualit\u00e4t \u2013 auch bei anspruchsvoller Knochenware. Kontrollierte Injektion, gleichm\u00e4\u00dfige W\u00fcrzung und stabile Textur bei Knochenware Ganze Karkassen &amp; Keulen Mehr Informationen Live-Demo\u00a0 \u00a0 [&hellip;]<\/p>\n","protected":false},"author":1,"featured_media":0,"parent":0,"menu_order":0,"comment_status":"closed","ping_status":"closed","template":"","meta":{"footnotes":""},"class_list":["post-4140","page","type-page","status-publish","hentry"],"_links":{"self":[{"href":"https:\/\/maku-meattec.com\/esp\/wp-json\/wp\/v2\/pages\/4140","targetHints":{"allow":["GET"]}}],"collection":[{"href":"https:\/\/maku-meattec.com\/esp\/wp-json\/wp\/v2\/pages"}],"about":[{"href":"https:\/\/maku-meattec.com\/esp\/wp-json\/wp\/v2\/types\/page"}],"author":[{"embeddable":true,"href":"https:\/\/maku-meattec.com\/esp\/wp-json\/wp\/v2\/users\/1"}],"replies":[{"embeddable":true,"href":"https:\/\/maku-meattec.com\/esp\/wp-json\/wp\/v2\/comments?post=4140"}],"version-history":[{"count":13,"href":"https:\/\/maku-meattec.com\/esp\/wp-json\/wp\/v2\/pages\/4140\/revisions"}],"predecessor-version":[{"id":4973,"href":"https:\/\/maku-meattec.com\/esp\/wp-json\/wp\/v2\/pages\/4140\/revisions\/4973"}],"wp:attachment":[{"href":"https:\/\/maku-meattec.com\/esp\/wp-json\/wp\/v2\/media?parent=4140"}],"curies":[{"name":"wp","href":"https:\/\/api.w.org\/{rel}","templated":true}]}}