{"id":4142,"date":"2025-12-22T22:41:50","date_gmt":"2025-12-22T21:41:50","guid":{"rendered":"https:\/\/maku-meattec.com\/?page_id=4142"},"modified":"2026-01-02T22:44:16","modified_gmt":"2026-01-02T21:44:16","slug":"pulled-meat-cooked-products","status":"publish","type":"page","link":"https:\/\/maku-meattec.com\/esp\/pulled-meat-cooked-products\/","title":{"rendered":"Carne y productos cocidos"},"content":{"rendered":"<div data-elementor-type=\"wp-page\" data-elementor-id=\"4142\" class=\"elementor elementor-4142\">\n\t\t\t\t<div class=\"elementor-element elementor-element-1853ea4c e-con-full e-flex e-con e-parent\" data-id=\"1853ea4c\" data-element_type=\"container\" data-e-type=\"container\" data-settings=\"{&quot;background_background&quot;:&quot;slideshow&quot;,&quot;background_slideshow_slide_transition&quot;:&quot;slide_right&quot;,&quot;background_slideshow_ken_burns&quot;:&quot;yes&quot;,&quot;background_slideshow_gallery&quot;:[],&quot;background_slideshow_loop&quot;:&quot;yes&quot;,&quot;background_slideshow_slide_duration&quot;:5000,&quot;background_slideshow_transition_duration&quot;:500,&quot;background_slideshow_ken_burns_zoom_direction&quot;:&quot;in&quot;}\">\n\t\t<div class=\"elementor-element elementor-element-2536ebce e-flex e-con-boxed e-con e-child\" data-id=\"2536ebce\" data-element_type=\"container\" data-e-type=\"container\" data-settings=\"{&quot;background_background&quot;:&quot;classic&quot;}\">\n\t\t\t\t\t<div class=\"e-con-inner\">\n\t\t<div class=\"elementor-element elementor-element-16d72cda e-con-full e-flex e-con e-child\" data-id=\"16d72cda\" data-element_type=\"container\" data-e-type=\"container\">\n\t\t<div class=\"elementor-element elementor-element-ff556d3 e-con-full e-flex e-con e-child\" data-id=\"ff556d3\" data-element_type=\"container\" data-e-type=\"container\">\n\t\t\t\t<div class=\"elementor-element elementor-element-3952c11f elementor-invisible elementor-widget elementor-widget-elementskit-heading\" data-id=\"3952c11f\" data-element_type=\"widget\" data-e-type=\"widget\" data-settings=\"{&quot;_animation&quot;:&quot;fadeInLeft&quot;}\" data-widget_type=\"elementskit-heading.default\">\n\t\t\t\t<div class=\"elementor-widget-container\">\n\t\t\t\t\t<div class=\"ekit-wid-con\" ><div class=\"ekit-heading elementskit-section-title-wraper text_left   ekit_heading_tablet-   ekit_heading_mobile-\"><h1 class=\"ekit-heading--title elementskit-section-title text_fill\">Carne y productos cocidos<\/h1><\/div><\/div>\t\t\t\t<\/div>\n\t\t\t\t<\/div>\n\t\t\t\t<div class=\"elementor-element elementor-element-5405f96d elementor-invisible elementor-widget elementor-widget-text-editor\" data-id=\"5405f96d\" data-element_type=\"widget\" data-e-type=\"widget\" data-settings=\"{&quot;_animation&quot;:&quot;fadeInLeft&quot;,&quot;_animation_delay&quot;:400}\" data-widget_type=\"text-editor.default\">\n\t\t\t\t<div class=\"elementor-widget-container\">\n\t\t\t\t\t\t\t\t\t<p>Las aplicaciones de carne deshilachada y productos cocidos requieren un control preciso de la estructura de la fibra, un ligado estable del jugo y una alta reproducibilidad. Los procesos manuales o semiautom\u00e1ticos tradicionales suelen dar como resultado una textura blanda, fibras irregulares y elevados costes de mano de obra.<br data-start=\"621\" data-end=\"624\" \/>Las tecnolog\u00edas Maku combinan la inyecci\u00f3n, el pretratamiento por volteo y la trituraci\u00f3n autom\u00e1tica para lograr una calidad superior reproducible industrialmente.<\/p>\t\t\t\t\t\t\t\t<\/div>\n\t\t\t\t<\/div>\n\t\t\t\t<\/div>\n\t\t\t\t<\/div>\n\t\t<div class=\"elementor-element elementor-element-77369b71 e-con-full e-flex e-con e-child\" data-id=\"77369b71\" data-element_type=\"container\" data-e-type=\"container\">\n\t\t<div class=\"elementor-element elementor-element-6628e9a9 e-con-full e-flex e-con e-child\" data-id=\"6628e9a9\" data-element_type=\"container\" data-e-type=\"container\">\n\t\t\t\t<div class=\"elementor-element elementor-element-77ad7e6d elementor-widget elementor-widget-icon-box\" data-id=\"77ad7e6d\" data-element_type=\"widget\" data-e-type=\"widget\" data-widget_type=\"icon-box.default\">\n\t\t\t\t<div class=\"elementor-widget-container\">\n\t\t\t\t\t\t\t<div class=\"elementor-icon-box-wrapper\">\n\n\t\t\t\n\t\t\t\t\t\t<div class=\"elementor-icon-box-content\">\n\n\t\t\t\t\t\t\t\t\t<h5 class=\"elementor-icon-box-title\">\n\t\t\t\t\t\t<span  >\n\t\t\t\t\t\t\tEstructura de fibra definida, textura reproducible y alta fiabilidad del proceso\t\t\t\t\t\t<\/span>\n\t\t\t\t\t<\/h5>\n\t\t\t\t\n\t\t\t\t\n\t\t\t<\/div>\n\t\t\t\n\t\t<\/div>\n\t\t\t\t\t\t<\/div>\n\t\t\t\t<\/div>\n\t\t\t\t<\/div>\n\t\t\t\t<\/div>\n\t\t\t\t\t<\/div>\n\t\t\t\t<\/div>\n\t\t\t\t<\/div>\n\t\t<div class=\"elementor-element elementor-element-5b6111b8 e-flex e-con-boxed e-con e-parent\" data-id=\"5b6111b8\" data-element_type=\"container\" data-e-type=\"container\" id=\"stakes info\" data-settings=\"{&quot;background_background&quot;:&quot;classic&quot;}\">\n\t\t\t\t\t<div class=\"e-con-inner\">\n\t\t<div class=\"elementor-element elementor-element-6bdf5f42 e-con-full e-flex e-con e-child\" data-id=\"6bdf5f42\" data-element_type=\"container\" data-e-type=\"container\">\n\t\t<div class=\"elementor-element elementor-element-25b54565 e-con-full e-flex e-con e-child\" data-id=\"25b54565\" data-element_type=\"container\" data-e-type=\"container\">\n\t\t<div class=\"elementor-element elementor-element-6032f25b e-con-full e-flex e-con e-child\" data-id=\"6032f25b\" data-element_type=\"container\" data-e-type=\"container\">\n\t\t<div class=\"elementor-element elementor-element-7a3aaf65 e-con-full e-flex elementor-invisible e-con e-child\" data-id=\"7a3aaf65\" data-element_type=\"container\" data-e-type=\"container\" data-settings=\"{&quot;background_background&quot;:&quot;classic&quot;,&quot;animation&quot;:&quot;fadeInLeft&quot;}\">\n\t\t<div class=\"elementor-element elementor-element-60032c2b e-con-full e-flex e-con e-child\" data-id=\"60032c2b\" data-element_type=\"container\" data-e-type=\"container\">\n\t\t\t\t<div class=\"elementor-element elementor-element-5f5b0061 elementor-widget__width-inherit elementor-absolute elementor-widget elementor-widget-elementskit-video\" data-id=\"5f5b0061\" data-element_type=\"widget\" data-e-type=\"widget\" data-settings=\"{&quot;_position&quot;:&quot;absolute&quot;}\" data-widget_type=\"elementskit-video.default\">\n\t\t\t\t<div class=\"elementor-widget-container\">\n\t\t\t\t\t<div class=\"ekit-wid-con\" >\t\t<div class=\"video-content\" data-video-player=\"[]\" data-video-setting=\"{&quot;videoVolume&quot;:&quot;horizontal&quot;,&quot;startVolume&quot;:0.8,&quot;videoType&quot;:&quot;iframe&quot;,&quot;videoClass&quot;:&quot;mfp-fade&quot;,&quot;popupIcon&quot;:{&quot;value&quot;:&quot;icon icon-cancel&quot;,&quot;library&quot;:&quot;ekiticons&quot;},&quot;videoStyle&quot;:&quot;popup&quot;,&quot;videoTypeName&quot;:&quot;vimeo&quot;,&quot;autoplay&quot;:true,&quot;muted&quot;:false,&quot;loop&quot;:true}\">\n\t\t\t\n<a class=\"ekit_icon_button glow-ripple ekit-video-popup ekit-video-popup-btn\" href=\"https:\/\/player.vimeo.com\/video\/1151022907?playlist=1151022907&amp;muted=0&amp;autoplay=1&amp;loop=1&amp;controls=1&amp;start=&amp;end=&amp;title=1&amp;portrait=1&amp;byline=1\" aria-label=\"ventana emergente de v\u00eddeo\" target=\"_blank\" rel=\"noopener\">\n\t\t\t\t<i aria-hidden=\"true\" class=\"icon icon-play-button\"><\/i>\t\t\n\t\t\t<\/a>\n\t\t\t\t\t<\/div>\n\t\t<\/div>\t\t\t\t<\/div>\n\t\t\t\t<\/div>\n\t\t\t\t<div class=\"elementor-element elementor-element-43a6baf2 elementor-widget elementor-widget-text-editor\" data-id=\"43a6baf2\" data-element_type=\"widget\" data-e-type=\"widget\" data-widget_type=\"text-editor.default\">\n\t\t\t\t<div class=\"elementor-widget-container\">\n\t\t\t\t\t\t\t\t\t<p>Demostraci\u00f3n en directo\u00a0 \u00a0 \u00a0 \u00a0 \u00a0 \u00a0 \u00a0 \u00a0<\/p>\t\t\t\t\t\t\t\t<\/div>\n\t\t\t\t<\/div>\n\t\t\t\t<\/div>\n\t\t\t\t<\/div>\n\t\t<div class=\"elementor-element elementor-element-609fc84b e-con-full e-flex e-con e-child\" data-id=\"609fc84b\" data-element_type=\"container\" data-e-type=\"container\">\n\t\t<div class=\"elementor-element elementor-element-49fc2ff e-con-full e-flex e-con e-child\" data-id=\"49fc2ff\" data-element_type=\"container\" data-e-type=\"container\">\n\t\t\t\t<div class=\"elementor-element elementor-element-8d6dbd7 mein-zentraler-effekt elementor-widget elementor-widget-image\" data-id=\"8d6dbd7\" data-element_type=\"widget\" data-e-type=\"widget\" data-widget_type=\"image.default\">\n\t\t\t\t<div class=\"elementor-widget-container\">\n\t\t\t\t\t\t\t\t\t\t\t\t\t\t\t\t<a href=\"https:\/\/maku-meattec.com\/esp\/hpi-300\/\">\n\t\t\t\t\t\t\t<img decoding=\"async\" width=\"150\" height=\"150\" src=\"https:\/\/maku-meattec.com\/wp-content\/uploads\/2025\/12\/transparent-Photoroom-30-150x150.png\" class=\"attachment-thumbnail size-thumbnail wp-image-4237\" alt=\"Photoroom transparente ()\" srcset=\"https:\/\/maku-meattec.com\/wp-content\/uploads\/2025\/12\/transparent-Photoroom-30-150x150.png 150w, https:\/\/maku-meattec.com\/wp-content\/uploads\/2025\/12\/transparent-Photoroom-30-300x300.png 300w, https:\/\/maku-meattec.com\/wp-content\/uploads\/2025\/12\/transparent-Photoroom-30-1024x1024.png 1024w, https:\/\/maku-meattec.com\/wp-content\/uploads\/2025\/12\/transparent-Photoroom-30-768x768.png 768w, https:\/\/maku-meattec.com\/wp-content\/uploads\/2025\/12\/transparent-Photoroom-30-12x12.png 12w, https:\/\/maku-meattec.com\/wp-content\/uploads\/2025\/12\/transparent-Photoroom-30.png 1536w\" sizes=\"(max-width: 150px) 100vw, 150px\" \/>\t\t\t\t\t\t\t\t<\/a>\n\t\t\t\t\t\t\t\t\t\t\t\t\t\t\t<\/div>\n\t\t\t\t<\/div>\n\t\t\t\t<div class=\"elementor-element elementor-element-a8e620d mein-zentraler-effekt elementor-widget elementor-widget-image\" data-id=\"a8e620d\" data-element_type=\"widget\" data-e-type=\"widget\" data-widget_type=\"image.default\">\n\t\t\t\t<div class=\"elementor-widget-container\">\n\t\t\t\t\t\t\t\t\t\t\t\t\t\t\t\t<a href=\"https:\/\/maku-meattec.com\/esp\/tumbler-serie-b-2\/\">\n\t\t\t\t\t\t\t<img decoding=\"async\" width=\"150\" height=\"150\" src=\"https:\/\/maku-meattec.com\/wp-content\/uploads\/2025\/12\/transparent-Photoroom-2-150x150.webp\" class=\"attachment-thumbnail size-thumbnail wp-image-4424\" alt=\"Photoroom transparente ()\" srcset=\"https:\/\/maku-meattec.com\/wp-content\/uploads\/2025\/12\/transparent-Photoroom-2-150x150.webp 150w, https:\/\/maku-meattec.com\/wp-content\/uploads\/2025\/12\/transparent-Photoroom-2-300x300.webp 300w, https:\/\/maku-meattec.com\/wp-content\/uploads\/2025\/12\/transparent-Photoroom-2-768x768.webp 768w, https:\/\/maku-meattec.com\/wp-content\/uploads\/2025\/12\/transparent-Photoroom-2-12x12.webp 12w, https:\/\/maku-meattec.com\/wp-content\/uploads\/2025\/12\/transparent-Photoroom-2.webp 1024w\" sizes=\"(max-width: 150px) 100vw, 150px\" \/>\t\t\t\t\t\t\t\t<\/a>\n\t\t\t\t\t\t\t\t\t\t\t\t\t\t\t<\/div>\n\t\t\t\t<\/div>\n\t\t\t\t<div class=\"elementor-element elementor-element-4dbfbcd mein-zentraler-effekt elementor-widget elementor-widget-image\" data-id=\"4dbfbcd\" data-element_type=\"widget\" data-e-type=\"widget\" data-widget_type=\"image.default\">\n\t\t\t\t<div class=\"elementor-widget-container\">\n\t\t\t\t\t\t\t\t\t\t\t\t\t\t\t\t<a href=\"https:\/\/maku-meattec.com\/esp\/hpi-651\/\">\n\t\t\t\t\t\t\t<img decoding=\"async\" width=\"150\" height=\"150\" src=\"https:\/\/maku-meattec.com\/wp-content\/uploads\/2025\/12\/transparent-Photoroom-150x150.webp\" class=\"attachment-thumbnail size-thumbnail wp-image-4236\" alt=\"Photoroom transparente\" srcset=\"https:\/\/maku-meattec.com\/wp-content\/uploads\/2025\/12\/transparent-Photoroom-150x150.webp 150w, https:\/\/maku-meattec.com\/wp-content\/uploads\/2025\/12\/transparent-Photoroom-300x300.webp 300w, https:\/\/maku-meattec.com\/wp-content\/uploads\/2025\/12\/transparent-Photoroom-768x768.webp 768w, https:\/\/maku-meattec.com\/wp-content\/uploads\/2025\/12\/transparent-Photoroom-12x12.webp 12w, https:\/\/maku-meattec.com\/wp-content\/uploads\/2025\/12\/transparent-Photoroom.webp 1024w\" sizes=\"(max-width: 150px) 100vw, 150px\" \/>\t\t\t\t\t\t\t\t<\/a>\n\t\t\t\t\t\t\t\t\t\t\t\t\t\t\t<\/div>\n\t\t\t\t<\/div>\n\t\t\t\t<div class=\"elementor-element elementor-element-4701d74 elementor-widget__width-initial elementor-widget elementor-widget-text-editor\" data-id=\"4701d74\" data-element_type=\"widget\" data-e-type=\"widget\" data-widget_type=\"text-editor.default\">\n\t\t\t\t<div class=\"elementor-widget-container\">\n\t\t\t\t\t\t\t\t\t<p>Nuestras recomendaciones para el tratamiento<\/p>\t\t\t\t\t\t\t\t<\/div>\n\t\t\t\t<\/div>\n\t\t\t\t<\/div>\n\t\t\t\t<\/div>\n\t\t\t\t<\/div>\n\t\t<div class=\"elementor-element elementor-element-3635c740 e-con-full e-flex e-con e-child\" data-id=\"3635c740\" data-element_type=\"container\" data-e-type=\"container\">\n\t\t\t\t<div class=\"elementor-element elementor-element-6bc64da3 elementor-widget elementor-widget-heading\" data-id=\"6bc64da3\" data-element_type=\"widget\" data-e-type=\"widget\" id=\"Pulled Pork &amp; Pulled Produkte\" data-widget_type=\"heading.default\">\n\t\t\t\t<div class=\"elementor-widget-container\">\n\t\t\t\t\t<h2 class=\"elementor-heading-title elementor-size-default\">Pulled pork &amp; pulled products<\/h2>\t\t\t\t<\/div>\n\t\t\t\t<\/div>\n\t\t\t\t<div class=\"elementor-element elementor-element-279a361a elementor-widget elementor-widget-text-editor\" data-id=\"279a361a\" data-element_type=\"widget\" data-e-type=\"widget\" data-widget_type=\"text-editor.default\">\n\t\t\t\t<div class=\"elementor-widget-container\">\n\t\t\t\t\t\t\t\t\t<p data-start=\"1106\" data-end=\"1147\"><strong>Retos centrales\u00a0<\/strong><\/p><ol data-start=\"1148\" data-end=\"1297\"><li data-start=\"1148\" data-end=\"1206\"><p data-start=\"1151\" data-end=\"1206\">Longitudes de fibra irregulares con trituraci\u00f3n manual<\/p><\/li><li data-start=\"1207\" data-end=\"1260\"><p data-start=\"1210\" data-end=\"1260\">Textura turbia o demasiado seca tras la cocci\u00f3n<\/p><\/li><li data-start=\"1261\" data-end=\"1297\"><p data-start=\"1264\" data-end=\"1297\">Elevado gasto de personal y tiempo<\/p><\/li><\/ol>\t\t\t\t\t\t\t\t<\/div>\n\t\t\t\t<\/div>\n\t\t<div class=\"elementor-element elementor-element-14ef4fe1 e-grid e-con-full e-con e-child\" data-id=\"14ef4fe1\" data-element_type=\"container\" data-e-type=\"container\">\n\t\t<div class=\"elementor-element elementor-element-7353020a e-con-full e-flex e-con e-child\" data-id=\"7353020a\" data-element_type=\"container\" data-e-type=\"container\">\n\t\t\t\t<div class=\"elementor-element elementor-element-2094de81 elementor-widget elementor-widget-heading\" data-id=\"2094de81\" data-element_type=\"widget\" data-e-type=\"widget\" data-widget_type=\"heading.default\">\n\t\t\t\t<div class=\"elementor-widget-container\">\n\t\t\t\t\t<h5 class=\"elementor-heading-title elementor-size-default\">Auto Trituradora<\/h5>\t\t\t\t<\/div>\n\t\t\t\t<\/div>\n\t\t\t\t<div class=\"elementor-element elementor-element-431564dc elementor-widget elementor-widget-text-editor\" data-id=\"431564dc\" data-element_type=\"widget\" data-e-type=\"widget\" data-widget_type=\"text-editor.default\">\n\t\t\t\t<div class=\"elementor-widget-container\">\n\t\t\t\t\t\t\t\t\t<ul><li data-start=\"1351\" data-end=\"1397\"><p data-start=\"1353\" data-end=\"1397\">Longitudes de fibra definidas y reproducibles<\/p><\/li><li data-start=\"1398\" data-end=\"1432\"><p data-start=\"1400\" data-end=\"1432\">Aspecto natural \u201etirado a mano<\/p><\/li><li data-start=\"1433\" data-end=\"1487\"><p data-start=\"1435\" data-end=\"1487\">Rendimiento significativamente mayor con calidad constante<\/p><\/li><\/ul>\t\t\t\t\t\t\t\t<\/div>\n\t\t\t\t<\/div>\n\t\t\t\t<\/div>\n\t\t<div class=\"elementor-element elementor-element-b0f37ef e-con-full e-flex e-con e-child\" data-id=\"b0f37ef\" data-element_type=\"container\" data-e-type=\"container\">\n\t\t\t\t<div class=\"elementor-element elementor-element-acedf40 elementor-widget elementor-widget-heading\" data-id=\"acedf40\" data-element_type=\"widget\" data-e-type=\"widget\" data-widget_type=\"heading.default\">\n\t\t\t\t<div class=\"elementor-widget-container\">\n\t\t\t\t\t<h5 class=\"elementor-heading-title elementor-size-default\">Inyector<\/h5>\t\t\t\t<\/div>\n\t\t\t\t<\/div>\n\t\t\t\t<div class=\"elementor-element elementor-element-3bc8064 elementor-widget elementor-widget-text-editor\" data-id=\"3bc8064\" data-element_type=\"widget\" data-e-type=\"widget\" data-widget_type=\"text-editor.default\">\n\t\t\t\t<div class=\"elementor-widget-container\">\n\t\t\t\t\t\t\t\t\t<ul><li data-start=\"1537\" data-end=\"1583\"><p data-start=\"1539\" data-end=\"1583\">Distribuci\u00f3n uniforme del jugo y el adobo<\/p><\/li><li data-start=\"1584\" data-end=\"1645\"><p data-start=\"1586\" data-end=\"1645\">Estabilizaci\u00f3n de la estructura de la fibra durante el proceso de cocci\u00f3n<\/p><\/li><li data-start=\"1646\" data-end=\"1691\"><p data-start=\"1648\" data-end=\"1691\">Mayor rendimiento y jugosidad<\/p><\/li><\/ul>\t\t\t\t\t\t\t\t<\/div>\n\t\t\t\t<\/div>\n\t\t\t\t<\/div>\n\t\t<div class=\"elementor-element elementor-element-11b42dc4 e-con-full e-flex e-con e-child\" data-id=\"11b42dc4\" data-element_type=\"container\" data-e-type=\"container\">\n\t\t\t\t<div class=\"elementor-element elementor-element-68cbb39a elementor-widget elementor-widget-heading\" data-id=\"68cbb39a\" data-element_type=\"widget\" data-e-type=\"widget\" data-widget_type=\"heading.default\">\n\t\t\t\t<div class=\"elementor-widget-container\">\n\t\t\t\t\t<h5 class=\"elementor-heading-title elementor-size-default\">Vaso de vac\u00edo<\/h5>\t\t\t\t<\/div>\n\t\t\t\t<\/div>\n\t\t\t\t<div class=\"elementor-element elementor-element-530bdd76 elementor-widget elementor-widget-text-editor\" data-id=\"530bdd76\" data-element_type=\"widget\" data-e-type=\"widget\" data-widget_type=\"text-editor.default\">\n\t\t\t\t<div class=\"elementor-widget-container\">\n\t\t\t\t\t\t\t\t\t<ul><li data-start=\"1717\" data-end=\"1754\"><p data-start=\"1719\" data-end=\"1754\">Preactivaci\u00f3n de la uni\u00f3n a prote\u00ednas<\/p><\/li><li data-start=\"1755\" data-end=\"1802\"><p data-start=\"1757\" data-end=\"1802\">Redistribuci\u00f3n homog\u00e9nea de salmuera y especias<\/p><\/li><li data-start=\"1803\" data-end=\"1852\"><p data-start=\"1805\" data-end=\"1852\">Reducci\u00f3n de las p\u00e9rdidas por cocci\u00f3n y desfibraci\u00f3n<\/p><\/li><\/ul>\t\t\t\t\t\t\t\t<\/div>\n\t\t\t\t<\/div>\n\t\t\t\t<\/div>\n\t\t\t\t<\/div>\n\t\t\t\t<\/div>\n\t\t\t\t<\/div>\n\t\t\t\t<\/div>\n\t\t\t\t\t<\/div>\n\t\t\t\t<\/div>\n\t\t<div class=\"elementor-element elementor-element-70139640 e-con-full e-flex e-con e-parent\" data-id=\"70139640\" data-element_type=\"container\" data-e-type=\"container\" data-settings=\"{&quot;background_background&quot;:&quot;classic&quot;}\">\n\t\t<div class=\"elementor-element elementor-element-538f2157 e-flex e-con-boxed e-con e-child\" data-id=\"538f2157\" data-element_type=\"container\" data-e-type=\"container\" data-settings=\"{&quot;background_background&quot;:&quot;classic&quot;}\">\n\t\t\t\t\t<div class=\"e-con-inner\">\n\t\t<div class=\"elementor-element elementor-element-52f22a06 e-con-full e-flex e-con e-child\" data-id=\"52f22a06\" data-element_type=\"container\" data-e-type=\"container\">\n\t\t\t\t<div class=\"elementor-element elementor-element-1d1fd5ba elementor-invisible elementor-widget elementor-widget-elementskit-heading\" data-id=\"1d1fd5ba\" data-element_type=\"widget\" data-e-type=\"widget\" data-settings=\"{&quot;_animation&quot;:&quot;fadeInLeft&quot;,&quot;_animation_delay&quot;:200}\" data-widget_type=\"elementskit-heading.default\">\n\t\t\t\t<div class=\"elementor-widget-container\">\n\t\t\t\t\t<div class=\"ekit-wid-con\" ><div class=\"ekit-heading elementskit-section-title-wraper text_center   ekit_heading_tablet-   ekit_heading_mobile-\"><h3 class=\"ekit-heading--title elementskit-section-title text_fill translation-block\">Nuestras <span>tecnolog\u00edas<\/span> son el resultado de experiencia, excelencia en ingenier\u00eda y cercan\u00eda con el cliente.\nInicie su proyecto<\/h3><\/div><\/div>\t\t\t\t<\/div>\n\t\t\t\t<\/div>\n\t\t\t\t<div class=\"elementor-element elementor-element-2ecaa14c elementor-widget__width-auto elementor-mobile-align-center elementor-align-center elementor-widget elementor-widget-button\" data-id=\"2ecaa14c\" data-element_type=\"widget\" data-e-type=\"widget\" data-widget_type=\"button.default\">\n\t\t\t\t<div class=\"elementor-widget-container\">\n\t\t\t\t\t\t\t\t\t<div class=\"elementor-button-wrapper\">\n\t\t\t\t\t<a class=\"elementor-button elementor-button-link elementor-size-sm elementor-animation-float\" href=\"#\">\n\t\t\t\t\t\t<span class=\"elementor-button-content-wrapper\">\n\t\t\t\t\t\t<span class=\"elementor-button-icon\">\n\t\t\t\t<i aria-hidden=\"true\" class=\"icon icon-arrow-right\"><\/i>\t\t\t<\/span>\n\t\t\t\t\t\t\t\t\t<span class=\"elementor-button-text\">Inicie su proyecto<\/span>\n\t\t\t\t\t<\/span>\n\t\t\t\t\t<\/a>\n\t\t\t\t<\/div>\n\t\t\t\t\t\t\t\t<\/div>\n\t\t\t\t<\/div>\n\t\t\t\t<\/div>\n\t\t\t\t\t<\/div>\n\t\t\t\t<\/div>\n\t\t\t\t<\/div>\n\t\t\t\t<\/div>","protected":false},"excerpt":{"rendered":"<p>Pulled Meat &amp; Cooked Products Pulled-Meat- und Cooked-Product-Anwendungen erfordern eine exakte Kontrolle der Faserstruktur, stabile Saftbindung und hohe Reproduzierbarkeit. Klassische manuelle oder halbautomatische Prozesse f\u00fchren h\u00e4ufig zu matschiger Textur, unregelm\u00e4\u00dfigen Fasern und hohem Personalaufwand.Maku-Technologien kombinieren Injektion, Tumbler-Vorbehandlung und automatisches Shredding, um industriell reproduzierbare Premium-Qualit\u00e4t zu erzielen. Definierte Faserstruktur, reproduzierbare Textur und hohe Prozesssicherheit Live-Demo\u00a0 \u00a0 [&hellip;]<\/p>\n","protected":false},"author":1,"featured_media":0,"parent":0,"menu_order":0,"comment_status":"closed","ping_status":"closed","template":"","meta":{"footnotes":""},"class_list":["post-4142","page","type-page","status-publish","hentry"],"_links":{"self":[{"href":"https:\/\/maku-meattec.com\/esp\/wp-json\/wp\/v2\/pages\/4142","targetHints":{"allow":["GET"]}}],"collection":[{"href":"https:\/\/maku-meattec.com\/esp\/wp-json\/wp\/v2\/pages"}],"about":[{"href":"https:\/\/maku-meattec.com\/esp\/wp-json\/wp\/v2\/types\/page"}],"author":[{"embeddable":true,"href":"https:\/\/maku-meattec.com\/esp\/wp-json\/wp\/v2\/users\/1"}],"replies":[{"embeddable":true,"href":"https:\/\/maku-meattec.com\/esp\/wp-json\/wp\/v2\/comments?post=4142"}],"version-history":[{"count":16,"href":"https:\/\/maku-meattec.com\/esp\/wp-json\/wp\/v2\/pages\/4142\/revisions"}],"predecessor-version":[{"id":4976,"href":"https:\/\/maku-meattec.com\/esp\/wp-json\/wp\/v2\/pages\/4142\/revisions\/4976"}],"wp:attachment":[{"href":"https:\/\/maku-meattec.com\/esp\/wp-json\/wp\/v2\/media?parent=4142"}],"curies":[{"name":"wp","href":"https:\/\/api.w.org\/{rel}","templated":true}]}}